{"id":17,"date":"2024-11-06T16:57:45","date_gmt":"2024-11-06T13:57:45","guid":{"rendered":"https:\/\/deadlock.video\/de\/?page_id=17"},"modified":"2024-11-06T17:02:22","modified_gmt":"2024-11-06T14:02:22","slug":"deadlock-invite","status":"publish","type":"page","link":"https:\/\/deadlock.video\/de\/deadlock-invite\/","title":{"rendered":"Deadlock-Einladung \u2013 Wie bekommt man sie?"},"content":{"rendered":"\n<p class=\"has-medium-font-size\">Einladungen sind ein wichtiges Element von Multiplayer-Spielen, und Deadlock ist da keine Ausnahme. Das Einladungssystem in diesem Spiel erm\u00f6glicht es Spielern, gemeinsame Schlachten zu organisieren, Freunde einzuladen und Teams zusammenzustellen, um komplexe Missionen zu erf\u00fcllen. In diesem Artikel werden wir uns genauer ansehen, wie Einladungen in Deadlock funktionieren, wie man sie versendet, und geben auch Tipps, wie man sie f\u00fcr maximalen Komfort nutzt.<\/p>\n\n\n\n<h3 class=\"wp-block-heading has-medium-font-size\" id=\"h-was-ist-eine-einladung-in-deadlock\">Was ist eine Einladung in Deadlock?<\/h3>\n\n\n\n<p class=\"has-medium-font-size\">Ich denke, alle Dota2-Fans warten gespannt auf die Ver\u00f6ffentlichung von Deadlock von Valve \u2013 ein neues Projekt, dessen erste Informationen im Jahr 2022 erschienen. Der Third-Person-Shooter kombiniert die Mechaniken von Dota 2, Valorant und Team Fortress 2. An dem Spiel nehmen 2 Teams mit je 6 Spielern teil. Die Hauptaufgabe besteht darin, den feindlichen \u201eThron\u201c zu zerst\u00f6ren, der sich auf der gegen\u00fcberliegenden Seite der Karte an der Basis des Gegners befindet.<\/p>\n\n\n\n<p class=\"has-medium-font-size\">Ich m\u00f6chte Sie darauf hinweisen, dass das Projekt bereits im September 2024 getestet wird und Benutzer auf Einladung teilnehmen k\u00f6nnen. Ich erkl\u00e4re Ihnen, wie Sie auf Deadlock zugreifen und Freunde einladen k\u00f6nnen.<\/p>\n\n\n\n<h2 class=\"wp-block-heading has-medium-font-size\" id=\"h-so-erhalten-sie-eine-einladung-zu-deadlock\">So erhalten Sie eine Einladung zu Deadlock<\/h2>\n\n\n\n<p class=\"has-medium-font-size\">Valve hat am 24. August 2024 den offenen Spieletest von Deadlock gestartet. Streamer erhielten die Erlaubnis, das Gameplay auf Streaming-Plattformen zu \u00fcbertragen. Der Zugang zum Test steht allen Fans des Genres offen.<\/p>\n\n\n\n<p class=\"has-medium-font-size\">Einladungen werden von Spielern gesendet, die bereits Zugang zu Deadlock erhalten haben. Jeder Benutzer kann eine unbegrenzte Anzahl von Freunden einladen \u2013 das Online-Deadlock w\u00e4chst st\u00e4ndig. Eine Woche nach der Ver\u00f6ffentlichung des \u00f6ffentlichen Tests lag der Online-Spitzenwert des Spiels bei \u00fcber 100.000 Personen.<\/p>\n\n\n\n<p class=\"has-medium-font-size\">Besonders unternehmungslustige Benutzer verkaufen Einladungen auf Handelsplattformen. In der Regel betr\u00e4gt der Preis einer Einladung nicht mehr als 1 US-Dollar.<\/p>\n\n\n<div class=\"wp-block-image is-style-default\">\n<figure class=\"aligncenter\"><img decoding=\"async\" src=\"https:\/\/deadlock.video\/ru\/wp-content\/uploads\/sites\/2\/2024\/10\/how_to_get_access_to_deadlock_2.jpg\" alt=\"\u043f\u0440\u0438\u0433\u043b\u0430\u0441\u0438\u0442\u044c \u0434\u0440\u0443\u0437\u0435\u0439 \u0432 deadlock\" class=\"wp-image-25\"\/><\/figure><\/div>\n\n\n<p class=\"has-medium-font-size\">Spieler, die keine Freunde mit Deadlock haben, sollten nicht verzweifeln. Sie k\u00f6nnen in thematischen Steam-Communitys und auf Discord-Servern um eine Einladung bitten. Um eine Einladung zu erhalten, m\u00fcssen Sie eine Person als Freund auf Steam hinzuf\u00fcgen.<\/p>\n\n\n\n<p class=\"has-medium-font-size\">Eine Einladung zu Deadlock auf Steam kommt innerhalb weniger Stunden. Ich habe die Einladung innerhalb einer Stunde erhalten, aber einige Spieler beschweren sich, dass die Einladung erst nach 2 Tagen eintrifft.<\/p>\n\n\n\n<p class=\"has-medium-font-size\">Nach Annahme der Einladung wird das Spiel zur Steam-Bibliothek hinzugef\u00fcgt und der Benutzer kann Deadlock auf den PC herunterladen.<\/p>\n\n\n\n<h2 class=\"wp-block-heading has-medium-font-size\" id=\"h-wie-lade-ich-einen-freund-zu-deadlock-ein\">Wie lade ich einen Freund zu Deadlock ein?<\/h2>\n\n\n\n<p class=\"has-medium-font-size\">Wenn Sie eine Einladung zum Deadlock-Spiel erhalten haben, k\u00f6nnen Sie Freunde einladen, gemeinsam mit Ihnen zu spielen. Dazu k\u00f6nnen Sie die Funktion \u201eEinladungen senden\u201c direkt im Hauptmen\u00fc des Spiels verwenden. In der unteren rechten Ecke des Bildschirms befindet sich direkt unter dem Match-Suchstatus und den Einladungen von Discord eine Schaltfl\u00e4che \u201eFreunde einladen\u201c, die in leuchtendem T\u00fcrkis hervorgehoben ist. Wenn Sie auf diese Schaltfl\u00e4che klicken, wird ein Fenster mit einer Liste Ihrer Freunde ge\u00f6ffnet. Um einen von ihnen einzuladen, bewegen Sie den Mauszeiger einfach \u00fcber den Namen und w\u00e4hlen Sie die entsprechende Option aus.<\/p>\n\n\n<div class=\"wp-block-image is-style-default\">\n<figure class=\"aligncenter size-full\"><img decoding=\"async\" src=\"https:\/\/deadlock.video\/ru\/wp-content\/uploads\/sites\/2\/2024\/10\/image-2.png\" alt=\"\" class=\"wp-image-419\" title=\"How to invite a friend to Deadlock\"\/><\/figure><\/div>\n\n\n<h3 class=\"wp-block-heading has-medium-font-size\" id=\"h-die-wichtigsten-moglichkeiten-eine-einladung-zu-erhalten\"><strong>Die wichtigsten M\u00f6glichkeiten, eine Einladung zu erhalten<\/strong><\/h3>\n\n\n\n<p class=\"has-medium-font-size\">Invites to Deadlock can be provided through several channels. Here are the main ones:<\/p>\n\n\n\n<ul class=\"wp-block-list\">\n<li class=\"has-medium-font-size\">Offizielle Einladungen der Entwickler: Werden normalerweise an aktive Spieler oder Betatester gesendet.<\/li>\n\n\n\n<li>Einladungen von Freunden: Sie k\u00f6nnen \u00fcber Steam eine Einladung von einem anderen Spieler erhalten, der bereits Zugriff auf das Spiel hat.<\/li>\n\n\n\n<li class=\"has-medium-font-size\">Einladungsverlosungen auf Plattformen: Manchmal werden Einladungen \u00fcber soziale Netzwerke oder Spieleplattformen wie Steam verteilt.<\/li>\n<\/ul>\n\n\n\n<p class=\"has-medium-font-size\">Um eine Einladung f\u00fcr Deadlock zu erhalten, m\u00fcssen Sie Entwicklernachrichten verfolgen und in Communities wie Steam oder sozialen Netzwerken aktiv sein. Wenn Sie diese Schritte befolgen, erh\u00f6hen Sie Ihre Chancen<\/p>\n\n\n\n<lite-youtube videoid=\"o_rDvoA648M\"><\/lite-youtube>\n","protected":false},"excerpt":{"rendered":"<p>Einladungen sind ein wichtiges Element von Multiplayer-Spielen, und Deadlock ist da keine Ausnahme. Das Einladungssystem in diesem Spiel erm\u00f6glicht es Spielern, gemeinsame<\/p>\n<p class=\"link-more\"><a class=\"myButt \" href=\"https:\/\/deadlock.video\/de\/deadlock-invite\/\">Read More<\/a><\/p>\n","protected":false},"author":1,"featured_media":0,"parent":0,"menu_order":0,"comment_status":"closed","ping_status":"closed","template":"","meta":{"_uag_custom_page_level_css":"","footnotes":""},"class_list":["post-17","page","type-page","status-publish","hentry"],"yoast_head":"<!-- This site is optimized with the Yoast SEO Premium plugin v22.8 (Yoast SEO v23.9) - https:\/\/yoast.com\/wordpress\/plugins\/seo\/ -->\n<title>DeadLock-Einladung - So erhalten Sie<\/title>\n<meta name=\"description\" content=\"Finden Sie heraus, wie Sie eine Einladung zum Spielen von Deadlock erhalten. Eine detaillierte Anleitung zu den verschiedenen M\u00f6glichkeiten, Einladungen zu erhalten: \u00fcber Freunde, soziale Netzwerke, offizielle Werbegeschenke und Spieleplattformen.\" \/>\n<meta name=\"robots\" content=\"index, follow, max-snippet:-1, max-image-preview:large, max-video-preview:-1\" \/>\n<link rel=\"canonical\" href=\"https:\/\/deadlock.video\/de\/deadlock-invite\/\" \/>\n<meta property=\"og:locale\" content=\"de_DE\" \/>\n<meta property=\"og:type\" content=\"article\" \/>\n<meta property=\"og:title\" content=\"Deadlock-Einladung \u2013 Wie bekommt man sie?\" \/>\n<meta property=\"og:description\" content=\"Finden Sie heraus, wie Sie eine Einladung zum Spielen von Deadlock erhalten. Eine detaillierte Anleitung zu den verschiedenen M\u00f6glichkeiten, Einladungen zu erhalten: \u00fcber Freunde, soziale Netzwerke, offizielle Werbegeschenke und Spieleplattformen.\" \/>\n<meta property=\"og:url\" content=\"https:\/\/deadlock.video\/de\/deadlock-invite\/\" \/>\n<meta property=\"og:site_name\" content=\"Deadlock Spiel\" \/>\n<meta property=\"article:modified_time\" content=\"2024-11-06T14:02:22+00:00\" \/>\n<meta name=\"twitter:card\" content=\"summary_large_image\" \/>\n<meta name=\"twitter:label1\" content=\"Est. reading time\" \/>\n\t<meta name=\"twitter:data1\" content=\"4 Minuten\" \/>\n<script type=\"application\/ld+json\" class=\"yoast-schema-graph\">{\"@context\":\"https:\/\/schema.org\",\"@graph\":[{\"@type\":\"WebPage\",\"@id\":\"https:\/\/deadlock.video\/de\/deadlock-invite\/\",\"url\":\"https:\/\/deadlock.video\/de\/deadlock-invite\/\",\"name\":\"DeadLock-Einladung - So erhalten Sie\",\"isPartOf\":{\"@id\":\"https:\/\/deadlock.video\/de\/#website\"},\"primaryImageOfPage\":{\"@id\":\"https:\/\/deadlock.video\/de\/deadlock-invite\/#primaryimage\"},\"image\":{\"@id\":\"https:\/\/deadlock.video\/de\/deadlock-invite\/#primaryimage\"},\"thumbnailUrl\":\"https:\/\/deadlock.video\/ru\/wp-content\/uploads\/sites\/2\/2024\/10\/how_to_get_access_to_deadlock_2.jpg\",\"datePublished\":\"2024-11-06T13:57:45+00:00\",\"dateModified\":\"2024-11-06T14:02:22+00:00\",\"description\":\"Finden Sie heraus, wie Sie eine Einladung zum Spielen von Deadlock erhalten. Eine detaillierte Anleitung zu den verschiedenen M\u00f6glichkeiten, Einladungen zu erhalten: \u00fcber Freunde, soziale Netzwerke, offizielle Werbegeschenke und Spieleplattformen.\",\"breadcrumb\":{\"@id\":\"https:\/\/deadlock.video\/de\/deadlock-invite\/#breadcrumb\"},\"inLanguage\":\"de\",\"potentialAction\":[{\"@type\":\"ReadAction\",\"target\":[\"https:\/\/deadlock.video\/de\/deadlock-invite\/\"]}]},{\"@type\":\"ImageObject\",\"inLanguage\":\"de\",\"@id\":\"https:\/\/deadlock.video\/de\/deadlock-invite\/#primaryimage\",\"url\":\"https:\/\/deadlock.video\/ru\/wp-content\/uploads\/sites\/2\/2024\/10\/how_to_get_access_to_deadlock_2.jpg\",\"contentUrl\":\"https:\/\/deadlock.video\/ru\/wp-content\/uploads\/sites\/2\/2024\/10\/how_to_get_access_to_deadlock_2.jpg\"},{\"@type\":\"BreadcrumbList\",\"@id\":\"https:\/\/deadlock.video\/de\/deadlock-invite\/#breadcrumb\",\"itemListElement\":[{\"@type\":\"ListItem\",\"position\":1,\"name\":\"Home\",\"item\":\"https:\/\/deadlock.video\/de\/\"},{\"@type\":\"ListItem\",\"position\":2,\"name\":\"Deadlock-Einladung \u2013 Wie bekommt man sie?\"}]},{\"@type\":\"WebSite\",\"@id\":\"https:\/\/deadlock.video\/de\/#website\",\"url\":\"https:\/\/deadlock.video\/de\/\",\"name\":\"Deadlock Spiel\",\"description\":\"\",\"potentialAction\":[{\"@type\":\"SearchAction\",\"target\":{\"@type\":\"EntryPoint\",\"urlTemplate\":\"https:\/\/deadlock.video\/de\/?s={search_term_string}\"},\"query-input\":{\"@type\":\"PropertyValueSpecification\",\"valueRequired\":true,\"valueName\":\"search_term_string\"}}],\"inLanguage\":\"de\"}]}<\/script>\n<!-- \/ Yoast SEO Premium plugin. -->","yoast_head_json":{"title":"DeadLock-Einladung - So erhalten Sie","description":"Finden Sie heraus, wie Sie eine Einladung zum Spielen von Deadlock erhalten. Eine detaillierte Anleitung zu den verschiedenen M\u00f6glichkeiten, Einladungen zu erhalten: \u00fcber Freunde, soziale Netzwerke, offizielle Werbegeschenke und Spieleplattformen.","robots":{"index":"index","follow":"follow","max-snippet":"max-snippet:-1","max-image-preview":"max-image-preview:large","max-video-preview":"max-video-preview:-1"},"canonical":"https:\/\/deadlock.video\/de\/deadlock-invite\/","og_locale":"de_DE","og_type":"article","og_title":"Deadlock-Einladung \u2013 Wie bekommt man sie?","og_description":"Finden Sie heraus, wie Sie eine Einladung zum Spielen von Deadlock erhalten. Eine detaillierte Anleitung zu den verschiedenen M\u00f6glichkeiten, Einladungen zu erhalten: \u00fcber Freunde, soziale Netzwerke, offizielle Werbegeschenke und Spieleplattformen.","og_url":"https:\/\/deadlock.video\/de\/deadlock-invite\/","og_site_name":"Deadlock Spiel","article_modified_time":"2024-11-06T14:02:22+00:00","twitter_card":"summary_large_image","twitter_misc":{"Est. reading time":"4 Minuten"},"schema":{"@context":"https:\/\/schema.org","@graph":[{"@type":"WebPage","@id":"https:\/\/deadlock.video\/de\/deadlock-invite\/","url":"https:\/\/deadlock.video\/de\/deadlock-invite\/","name":"DeadLock-Einladung - So erhalten Sie","isPartOf":{"@id":"https:\/\/deadlock.video\/de\/#website"},"primaryImageOfPage":{"@id":"https:\/\/deadlock.video\/de\/deadlock-invite\/#primaryimage"},"image":{"@id":"https:\/\/deadlock.video\/de\/deadlock-invite\/#primaryimage"},"thumbnailUrl":"https:\/\/deadlock.video\/ru\/wp-content\/uploads\/sites\/2\/2024\/10\/how_to_get_access_to_deadlock_2.jpg","datePublished":"2024-11-06T13:57:45+00:00","dateModified":"2024-11-06T14:02:22+00:00","description":"Finden Sie heraus, wie Sie eine Einladung zum Spielen von Deadlock erhalten. Eine detaillierte Anleitung zu den verschiedenen M\u00f6glichkeiten, Einladungen zu erhalten: \u00fcber Freunde, soziale Netzwerke, offizielle Werbegeschenke und Spieleplattformen.","breadcrumb":{"@id":"https:\/\/deadlock.video\/de\/deadlock-invite\/#breadcrumb"},"inLanguage":"de","potentialAction":[{"@type":"ReadAction","target":["https:\/\/deadlock.video\/de\/deadlock-invite\/"]}]},{"@type":"ImageObject","inLanguage":"de","@id":"https:\/\/deadlock.video\/de\/deadlock-invite\/#primaryimage","url":"https:\/\/deadlock.video\/ru\/wp-content\/uploads\/sites\/2\/2024\/10\/how_to_get_access_to_deadlock_2.jpg","contentUrl":"https:\/\/deadlock.video\/ru\/wp-content\/uploads\/sites\/2\/2024\/10\/how_to_get_access_to_deadlock_2.jpg"},{"@type":"BreadcrumbList","@id":"https:\/\/deadlock.video\/de\/deadlock-invite\/#breadcrumb","itemListElement":[{"@type":"ListItem","position":1,"name":"Home","item":"https:\/\/deadlock.video\/de\/"},{"@type":"ListItem","position":2,"name":"Deadlock-Einladung \u2013 Wie bekommt man sie?"}]},{"@type":"WebSite","@id":"https:\/\/deadlock.video\/de\/#website","url":"https:\/\/deadlock.video\/de\/","name":"Deadlock Spiel","description":"","potentialAction":[{"@type":"SearchAction","target":{"@type":"EntryPoint","urlTemplate":"https:\/\/deadlock.video\/de\/?s={search_term_string}"},"query-input":{"@type":"PropertyValueSpecification","valueRequired":true,"valueName":"search_term_string"}}],"inLanguage":"de"}]}},"uagb_featured_image_src":{"full":false,"thumbnail":false,"medium":false,"medium_large":false,"large":false,"1536x1536":false,"2048x2048":false,"ultp_layout_landscape_large":false,"ultp_layout_landscape":false,"ultp_layout_portrait":false,"ultp_layout_square":false},"uagb_author_info":{"display_name":"Svetlana Donmez","author_link":"https:\/\/deadlock.video\/de\/author\/admin\/"},"uagb_comment_info":0,"uagb_excerpt":"Einladungen sind ein wichtiges Element von Multiplayer-Spielen, und Deadlock ist da keine Ausnahme. Das Einladungssystem in diesem Spiel erm\u00f6glicht es Spielern, gemeinsameRead More","_links":{"self":[{"href":"https:\/\/deadlock.video\/de\/wp-json\/wp\/v2\/pages\/17"}],"collection":[{"href":"https:\/\/deadlock.video\/de\/wp-json\/wp\/v2\/pages"}],"about":[{"href":"https:\/\/deadlock.video\/de\/wp-json\/wp\/v2\/types\/page"}],"author":[{"embeddable":true,"href":"https:\/\/deadlock.video\/de\/wp-json\/wp\/v2\/users\/1"}],"replies":[{"embeddable":true,"href":"https:\/\/deadlock.video\/de\/wp-json\/wp\/v2\/comments?post=17"}],"version-history":[{"count":3,"href":"https:\/\/deadlock.video\/de\/wp-json\/wp\/v2\/pages\/17\/revisions"}],"predecessor-version":[{"id":161,"href":"https:\/\/deadlock.video\/de\/wp-json\/wp\/v2\/pages\/17\/revisions\/161"}],"wp:attachment":[{"href":"https:\/\/deadlock.video\/de\/wp-json\/wp\/v2\/media?parent=17"}],"curies":[{"name":"wp","href":"https:\/\/api.w.org\/{rel}","templated":true}]}}