{"id":20,"date":"2024-11-07T18:09:45","date_gmt":"2024-11-07T15:09:45","guid":{"rendered":"https:\/\/deadlock.video\/de\/?page_id=20"},"modified":"2024-11-07T18:09:46","modified_gmt":"2024-11-07T15:09:46","slug":"how-to-play-deadlock","status":"publish","type":"page","link":"https:\/\/deadlock.video\/de\/how-to-play-deadlock\/","title":{"rendered":"Wie man Deadlock spielt"},"content":{"rendered":"\n<p class=\"has-medium-font-size\">Deadlock ist ein neues Projekt von Valve, das das Gameplay von Dota 2, Valorant und Team Fortress kombiniert.<\/p>\n\n\n\n<h2 class=\"wp-block-heading has-medium-font-size\" id=\"h-grundlagen-von-deadlock-fur-anfanger\">Grundlagen von Deadlock f\u00fcr Anf\u00e4nger<\/h2>\n\n\n\n<p class=\"has-medium-font-size\">Deadlock ist ein Third-Person-MOBA-Shooter. Zwei Teams mit jeweils 6 Spielern nehmen am Spiel teil. Auf gegen\u00fcberliegenden Seiten der Karte befinden sich die Basen der Gegner. Ziel des Spiels ist es, den Hauptroboter des Gegners zu zerst\u00f6ren. Die Basen sind durch vier Linien verbunden, entlang derer regelm\u00e4\u00dfig Wellen von Creeps laufen.<\/p>\n\n\n<div class=\"wp-block-image\">\n<figure class=\"aligncenter\"><img decoding=\"async\" src=\"http:\/\/deadlock.video\/wp-content\/uploads\/sites\/2\/2024\/10\/basics_of_deadlock_1.jpg\" alt=\"how to play deadlock\" class=\"wp-image-46\"\/><\/figure><\/div>\n\n\n<p class=\"has-medium-font-size\">W\u00e4hrend des Alphatests stehen den Benutzern 21 Helden zur Verf\u00fcgung. Jeder Charakter verf\u00fcgt \u00fcber einzigartige F\u00e4higkeiten und passive Fertigkeiten, wodurch sie den Overwatch-Agenten \u00e4hneln.<\/p>\n\n\n<div class=\"wp-block-image\">\n<figure class=\"aligncenter\"><img decoding=\"async\" src=\"http:\/\/deadlock.video\/wp-content\/uploads\/sites\/2\/2024\/10\/basics_of_deadlock_2.jpg\" alt=\"deadlok unit sellect\" class=\"wp-image-46\"\/><\/figure><\/div>\n\n\n<p class=\"has-medium-font-size\">Spieler verbessern ihre Helden mit Artefakten. Es gibt 3 Arten von Gegenst\u00e4nden im Spiel:<\/p>\n\n\n\n<ul class=\"wp-block-list\">\n<li class=\"has-medium-font-size\">angreifend \u2013 Verst\u00e4rkung des Waffenschadens;<\/li>\n\n\n\n<li class=\"has-medium-font-size\">mystisch \u2013 Verbesserung der F\u00e4higkeiten;<\/li>\n\n\n\n<li class=\"has-medium-font-size\">sch\u00fctzend \u2013 Erh\u00f6hung der \u00dcberlebensrate.<\/li>\n<\/ul>\n\n\n\n<p class=\"has-medium-font-size\">F\u00fcr jeden Gegenstandstyp stehen 4 Inventarpl\u00e4tze zur Verf\u00fcgung. Weitere 4 universelle Pl\u00e4tze werden nach der Zerst\u00f6rung feindlicher T\u00fcrme freigeschaltet.<\/p>\n\n\n\n<p class=\"has-medium-font-size\">Artefakte m\u00fcssen f\u00fcr Seelen gekauft werden \u2013 das \u00c4quivalent zu Gold aus Dota 2. Seelen erh\u00e4lt man f\u00fcr das T\u00f6ten von Creeps und Helden. Seelen erh\u00e4lt man auch f\u00fcr das T\u00f6ten verb\u00fcndeter Creeps.<\/p>\n\n\n\n<h2 class=\"wp-block-heading has-medium-font-size\" id=\"h-so-erhalten-sie-eine-einladung\">So erhalten Sie eine Einladung<\/h2>\n\n\n\n<p class=\"has-medium-font-size\">Einladungen zu Deadlock werden an Spieler ausgegeben, die bereits am Spieltest des Projekts teilnehmen. Jeder Benutzer kann eine unbegrenzte Anzahl von Einladungen senden. Wenn ein Spieler also keine Freunde hat, die eine Einladung zu Deadlock erhalten haben, k\u00f6nnen Sie in thematischen Steam-Communitys oder auf Discord-Servern um eine Einladung bitten. In der Regel treffen sich die Spieler dort.<\/p>\n\n\n<div class=\"wp-block-image\">\n<figure class=\"aligncenter\"><img decoding=\"async\" src=\"http:\/\/deadlock.video\/wp-content\/uploads\/sites\/2\/2024\/10\/basics_of_deadlock_3.jpg\" alt=\"deadlock how to send invite\" class=\"wp-image-46\"\/><\/figure><\/div>\n\n\n<p class=\"has-medium-font-size\">Aufgrund kostenloser Einladungen hat Deadlock in der Spitze online \u00fcber 170.000 Spieler erreicht. Der Online-Durchschnitt liegt bei 70.000\u2013100.000 Spielern.<\/p>\n\n\n\n<h2 class=\"wp-block-heading has-medium-font-size\" id=\"h-so-laden-sie-deadlock-herunter\">So laden Sie Deadlock herunter<\/h2>\n\n\n\n<p class=\"has-medium-font-size\">Nach Erhalt der Einladung f\u00fcgt Valve das Spiel innerhalb von 2 Stunden zur Bibliothek des Spielers hinzu. Der Benutzer kann das Spiel von Steam herunterladen. Der belegte Speicher betr\u00e4gt 25 GB.<\/p>\n\n\n\n<h2 class=\"wp-block-heading has-medium-font-size\" id=\"h-so-spielen-sie-rund-um-die-uhr\">So spielen Sie rund um die Uhr<\/h2>\n\n\n\n<p class=\"has-medium-font-size\">Nach dem Start des allgemeinen Spieltests konnte man Deadlock nur zu bestimmten Tageszeiten spielen. Die verf\u00fcgbare Zeit hing vom Server ab. Mithilfe von Konsolenbefehlen wechselten Benutzer die Server und spielten rund um die Uhr. Jeder wei\u00df, dass sich ein Serverwechsel negativ auf den Ping auswirkt. Ein hoher Ping f\u00fchrt zu einer kleinen Verz\u00f6gerung, die sich bei einem Shooter direkt auf das Schie\u00dfen und das Ergebnis des Spiels auswirkt.<\/p>\n\n\n\n<p class=\"has-medium-font-size\">Valve hat am 13. September 2024 ein gro\u00dfes Update ver\u00f6ffentlicht, in dem die Zeitbeschr\u00e4nkungen aufgehoben wurden. Jetzt k\u00f6nnen Sie Deadlock rund um die Uhr auf jedem Server spielen.<\/p>\n\n\n\n<lite-youtube videoid=\"u0Qg4hkkqFs\"><\/lite-youtube>\n","protected":false},"excerpt":{"rendered":"<p>Deadlock ist ein neues Projekt von Valve, das das Gameplay von Dota 2, Valorant und Team Fortress kombiniert. Grundlagen von Deadlock f\u00fcr<\/p>\n<p class=\"link-more\"><a class=\"myButt \" href=\"https:\/\/deadlock.video\/de\/how-to-play-deadlock\/\">Read More<\/a><\/p>\n","protected":false},"author":1,"featured_media":0,"parent":0,"menu_order":0,"comment_status":"closed","ping_status":"closed","template":"","meta":{"_uag_custom_page_level_css":"","footnotes":""},"class_list":["post-20","page","type-page","status-publish","hentry"],"yoast_head":"<!-- This site is optimized with the Yoast SEO Premium plugin v22.8 (Yoast SEO v23.9) - https:\/\/yoast.com\/wordpress\/plugins\/seo\/ -->\n<title>So spielen Sie das Spiel Deadlock online auf Steam<\/title>\n<meta name=\"description\" content=\"Complete guide how to play Deadlock with our comprehensive guide for beginners and advanced players. Discover tips, strategies, and secrets to mastering the game and start winning today!\" \/>\n<meta name=\"robots\" content=\"index, follow, max-snippet:-1, max-image-preview:large, max-video-preview:-1\" \/>\n<link rel=\"canonical\" href=\"https:\/\/deadlock.video\/de\/how-to-play-deadlock\/\" \/>\n<meta property=\"og:locale\" content=\"de_DE\" \/>\n<meta property=\"og:type\" content=\"article\" \/>\n<meta property=\"og:title\" content=\"Wie man Deadlock spielt\" \/>\n<meta property=\"og:description\" content=\"Complete guide how to play Deadlock with our comprehensive guide for beginners and advanced players. Discover tips, strategies, and secrets to mastering the game and start winning today!\" \/>\n<meta property=\"og:url\" content=\"https:\/\/deadlock.video\/de\/how-to-play-deadlock\/\" \/>\n<meta property=\"og:site_name\" content=\"Deadlock Spiel\" \/>\n<meta property=\"article:modified_time\" content=\"2024-11-07T15:09:46+00:00\" \/>\n<meta name=\"twitter:card\" content=\"summary_large_image\" \/>\n<meta name=\"twitter:label1\" content=\"Est. reading time\" \/>\n\t<meta name=\"twitter:data1\" content=\"3 Minuten\" \/>\n<script type=\"application\/ld+json\" class=\"yoast-schema-graph\">{\"@context\":\"https:\/\/schema.org\",\"@graph\":[{\"@type\":\"WebPage\",\"@id\":\"https:\/\/deadlock.video\/de\/how-to-play-deadlock\/\",\"url\":\"https:\/\/deadlock.video\/de\/how-to-play-deadlock\/\",\"name\":\"So spielen Sie das Spiel Deadlock online auf Steam\",\"isPartOf\":{\"@id\":\"https:\/\/deadlock.video\/de\/#website\"},\"primaryImageOfPage\":{\"@id\":\"https:\/\/deadlock.video\/de\/how-to-play-deadlock\/#primaryimage\"},\"image\":{\"@id\":\"https:\/\/deadlock.video\/de\/how-to-play-deadlock\/#primaryimage\"},\"thumbnailUrl\":\"http:\/\/deadlock.video\/wp-content\/uploads\/sites\/2\/2024\/10\/basics_of_deadlock_1.jpg\",\"datePublished\":\"2024-11-07T15:09:45+00:00\",\"dateModified\":\"2024-11-07T15:09:46+00:00\",\"description\":\"Complete guide how to play Deadlock with our comprehensive guide for beginners and advanced players. Discover tips, strategies, and secrets to mastering the game and start winning today!\",\"breadcrumb\":{\"@id\":\"https:\/\/deadlock.video\/de\/how-to-play-deadlock\/#breadcrumb\"},\"inLanguage\":\"de\",\"potentialAction\":[{\"@type\":\"ReadAction\",\"target\":[\"https:\/\/deadlock.video\/de\/how-to-play-deadlock\/\"]}]},{\"@type\":\"ImageObject\",\"inLanguage\":\"de\",\"@id\":\"https:\/\/deadlock.video\/de\/how-to-play-deadlock\/#primaryimage\",\"url\":\"http:\/\/deadlock.video\/wp-content\/uploads\/sites\/2\/2024\/10\/basics_of_deadlock_1.jpg\",\"contentUrl\":\"http:\/\/deadlock.video\/wp-content\/uploads\/sites\/2\/2024\/10\/basics_of_deadlock_1.jpg\"},{\"@type\":\"BreadcrumbList\",\"@id\":\"https:\/\/deadlock.video\/de\/how-to-play-deadlock\/#breadcrumb\",\"itemListElement\":[{\"@type\":\"ListItem\",\"position\":1,\"name\":\"Home\",\"item\":\"https:\/\/deadlock.video\/de\/\"},{\"@type\":\"ListItem\",\"position\":2,\"name\":\"Wie man Deadlock spielt\"}]},{\"@type\":\"WebSite\",\"@id\":\"https:\/\/deadlock.video\/de\/#website\",\"url\":\"https:\/\/deadlock.video\/de\/\",\"name\":\"Deadlock Spiel\",\"description\":\"\",\"potentialAction\":[{\"@type\":\"SearchAction\",\"target\":{\"@type\":\"EntryPoint\",\"urlTemplate\":\"https:\/\/deadlock.video\/de\/?s={search_term_string}\"},\"query-input\":{\"@type\":\"PropertyValueSpecification\",\"valueRequired\":true,\"valueName\":\"search_term_string\"}}],\"inLanguage\":\"de\"}]}<\/script>\n<!-- \/ Yoast SEO Premium plugin. -->","yoast_head_json":{"title":"So spielen Sie das Spiel Deadlock online auf Steam","description":"Complete guide how to play Deadlock with our comprehensive guide for beginners and advanced players. Discover tips, strategies, and secrets to mastering the game and start winning today!","robots":{"index":"index","follow":"follow","max-snippet":"max-snippet:-1","max-image-preview":"max-image-preview:large","max-video-preview":"max-video-preview:-1"},"canonical":"https:\/\/deadlock.video\/de\/how-to-play-deadlock\/","og_locale":"de_DE","og_type":"article","og_title":"Wie man Deadlock spielt","og_description":"Complete guide how to play Deadlock with our comprehensive guide for beginners and advanced players. Discover tips, strategies, and secrets to mastering the game and start winning today!","og_url":"https:\/\/deadlock.video\/de\/how-to-play-deadlock\/","og_site_name":"Deadlock Spiel","article_modified_time":"2024-11-07T15:09:46+00:00","twitter_card":"summary_large_image","twitter_misc":{"Est. reading time":"3 Minuten"},"schema":{"@context":"https:\/\/schema.org","@graph":[{"@type":"WebPage","@id":"https:\/\/deadlock.video\/de\/how-to-play-deadlock\/","url":"https:\/\/deadlock.video\/de\/how-to-play-deadlock\/","name":"So spielen Sie das Spiel Deadlock online auf Steam","isPartOf":{"@id":"https:\/\/deadlock.video\/de\/#website"},"primaryImageOfPage":{"@id":"https:\/\/deadlock.video\/de\/how-to-play-deadlock\/#primaryimage"},"image":{"@id":"https:\/\/deadlock.video\/de\/how-to-play-deadlock\/#primaryimage"},"thumbnailUrl":"http:\/\/deadlock.video\/wp-content\/uploads\/sites\/2\/2024\/10\/basics_of_deadlock_1.jpg","datePublished":"2024-11-07T15:09:45+00:00","dateModified":"2024-11-07T15:09:46+00:00","description":"Complete guide how to play Deadlock with our comprehensive guide for beginners and advanced players. Discover tips, strategies, and secrets to mastering the game and start winning today!","breadcrumb":{"@id":"https:\/\/deadlock.video\/de\/how-to-play-deadlock\/#breadcrumb"},"inLanguage":"de","potentialAction":[{"@type":"ReadAction","target":["https:\/\/deadlock.video\/de\/how-to-play-deadlock\/"]}]},{"@type":"ImageObject","inLanguage":"de","@id":"https:\/\/deadlock.video\/de\/how-to-play-deadlock\/#primaryimage","url":"http:\/\/deadlock.video\/wp-content\/uploads\/sites\/2\/2024\/10\/basics_of_deadlock_1.jpg","contentUrl":"http:\/\/deadlock.video\/wp-content\/uploads\/sites\/2\/2024\/10\/basics_of_deadlock_1.jpg"},{"@type":"BreadcrumbList","@id":"https:\/\/deadlock.video\/de\/how-to-play-deadlock\/#breadcrumb","itemListElement":[{"@type":"ListItem","position":1,"name":"Home","item":"https:\/\/deadlock.video\/de\/"},{"@type":"ListItem","position":2,"name":"Wie man Deadlock spielt"}]},{"@type":"WebSite","@id":"https:\/\/deadlock.video\/de\/#website","url":"https:\/\/deadlock.video\/de\/","name":"Deadlock Spiel","description":"","potentialAction":[{"@type":"SearchAction","target":{"@type":"EntryPoint","urlTemplate":"https:\/\/deadlock.video\/de\/?s={search_term_string}"},"query-input":{"@type":"PropertyValueSpecification","valueRequired":true,"valueName":"search_term_string"}}],"inLanguage":"de"}]}},"uagb_featured_image_src":{"full":false,"thumbnail":false,"medium":false,"medium_large":false,"large":false,"1536x1536":false,"2048x2048":false,"ultp_layout_landscape_large":false,"ultp_layout_landscape":false,"ultp_layout_portrait":false,"ultp_layout_square":false},"uagb_author_info":{"display_name":"Svetlana Donmez","author_link":"https:\/\/deadlock.video\/de\/author\/admin\/"},"uagb_comment_info":0,"uagb_excerpt":"Deadlock ist ein neues Projekt von Valve, das das Gameplay von Dota 2, Valorant und Team Fortress kombiniert. Grundlagen von Deadlock f\u00fcrRead More","_links":{"self":[{"href":"https:\/\/deadlock.video\/de\/wp-json\/wp\/v2\/pages\/20"}],"collection":[{"href":"https:\/\/deadlock.video\/de\/wp-json\/wp\/v2\/pages"}],"about":[{"href":"https:\/\/deadlock.video\/de\/wp-json\/wp\/v2\/types\/page"}],"author":[{"embeddable":true,"href":"https:\/\/deadlock.video\/de\/wp-json\/wp\/v2\/users\/1"}],"replies":[{"embeddable":true,"href":"https:\/\/deadlock.video\/de\/wp-json\/wp\/v2\/comments?post=20"}],"version-history":[{"count":1,"href":"https:\/\/deadlock.video\/de\/wp-json\/wp\/v2\/pages\/20\/revisions"}],"predecessor-version":[{"id":175,"href":"https:\/\/deadlock.video\/de\/wp-json\/wp\/v2\/pages\/20\/revisions\/175"}],"wp:attachment":[{"href":"https:\/\/deadlock.video\/de\/wp-json\/wp\/v2\/media?parent=20"}],"curies":[{"name":"wp","href":"https:\/\/api.w.org\/{rel}","templated":true}]}}