{"id":22,"date":"2024-11-07T17:58:53","date_gmt":"2024-11-07T14:58:53","guid":{"rendered":"https:\/\/deadlock.video\/de\/?page_id=22"},"modified":"2024-11-07T17:58:54","modified_gmt":"2024-11-07T14:58:54","slug":"deadlock-system-requirements","status":"publish","type":"page","link":"https:\/\/deadlock.video\/de\/deadlock-system-requirements\/","title":{"rendered":"Systemanforderungen f\u00fcr Deadlock: Eine ausf\u00fchrliche Anleitung"},"content":{"rendered":"\n<div class=\"wp-block-uagb-container uagb-block-2b67d8ac alignfull uagb-is-root-container\"><div class=\"uagb-container-inner-blocks-wrap\">\n<div class=\"wp-block-uagb-container uagb-block-09fd2cff\">\n<p class=\"has-medium-font-size\"><strong>Deadlock ist ein Strategiespiel, das eine bestimmte Hardwareleistung erfordert, um ein reibungsloses Gameplay zu gew\u00e4hrleisten. In diesem Artikel werden die Mindest- und empfohlenen Systemanforderungen in einem strukturierten Format aufgeschl\u00fcsselt. Mithilfe von Tabellen k\u00f6nnen Sie leicht nachvollziehen, was Sie f\u00fcr ein optimales Spielerlebnis ben\u00f6tigen.<\/strong><\/p>\n<\/div>\n\n\n\n<div class=\"wp-block-uagb-image uagb-block-311a4395 wp-block-uagb-image--layout-default wp-block-uagb-image--effect-static wp-block-uagb-image--align-none\"><figure class=\"wp-block-uagb-image__figure\"><img decoding=\"async\" srcset=\"https:\/\/deadlock.video\/ru\/wp-content\/uploads\/sites\/2\/2024\/10\/new-1024x684.jpg ,https:\/\/deadlock.video\/ru\/wp-content\/uploads\/sites\/2\/2024\/10\/new.jpg 780w, https:\/\/deadlock.video\/ru\/wp-content\/uploads\/sites\/2\/2024\/10\/new.jpg 360w\" sizes=\"(max-width: 480px) 150px\" src=\"https:\/\/deadlock.video\/ru\/wp-content\/uploads\/sites\/2\/2024\/10\/new-1024x684.jpg\" alt=\"\" class=\"uag-image-385\" width=\"415\" height=\"34\" title=\"new\" loading=\"lazy\" role=\"img\"\/><\/figure><\/div>\n<\/div><\/div>\n\n\n\n<hr class=\"wp-block-separator aligncenter has-alpha-channel-opacity\"\/>\n\n\n\n<h3 class=\"wp-block-heading has-medium-font-size\" id=\"h-1-mindestsystemanforderungen\">1. <strong>Mindestsystemanforderungen<\/strong><\/h3>\n\n\n\n<p class=\"has-medium-font-size\">Dies sind die wesentlichen Spezifikationen, die Ihr Computer zum Ausf\u00fchren von Deadlock ben\u00f6tigt. Auch wenn dies m\u00f6glicherweise nicht das beste Erlebnis bietet, stellt die Erf\u00fcllung dieser Spezifikationen sicher, dass das Spiel ohne gr\u00f6\u00dfere Probleme l\u00e4uft.<\/p>\n\n\n\n<figure class=\"wp-block-table\"><table class=\"has-fixed-layout\"><thead><tr><th><strong>Komponente<\/strong><\/th><th><strong>Mindestanforderung<\/strong><\/th><\/tr><\/thead><tbody><tr><td><strong>Betriebssystem<\/strong><\/td><td>Windows 7\/8\/10 (64-bit)<\/td><\/tr><tr><td><strong>Prozessor<\/strong><\/td><td>Intel Core i3-2100 oder gleichwertig<\/td><\/tr><tr><td><strong>RAM<\/strong><\/td><td>4 GB RAM<\/td><\/tr><tr><td><strong>Grafik<\/strong><\/td><td>NVIDIA GeForce GTX 650 or AMD Radeon HD 7770<\/td><\/tr><tr><td><strong>DirectX<\/strong><\/td><td>Version 11<\/td><\/tr><tr><td><strong>Speicher<\/strong><\/td><td>10 GB freier Speicherplatz<\/td><\/tr><tr><td><strong>Netzwerk<\/strong><\/td><td>Breitband-Internetverbindung<\/td><\/tr><\/tbody><\/table><\/figure>\n\n\n\n<h3 class=\"wp-block-heading has-medium-font-size\" id=\"h-2-empfohlene-systemanforderungen\">2. <strong>Empfohlene Systemanforderungen<\/strong><\/h3>\n\n\n\n<p class=\"has-medium-font-size\">F\u00fcr ein optimales Deadlock-Erlebnis ist ein leistungsst\u00e4rkeres System ideal. Mit diesen Spezifikationen k\u00f6nnen Sie mit hohen Grafikeinstellungen spielen und eine fl\u00fcssigere Leistung genie\u00dfen.<\/p>\n\n\n\n<figure class=\"wp-block-table\"><table class=\"has-fixed-layout\"><thead><tr><th><strong>Komponente<\/strong><\/th><th><strong>Recommended Requirement<\/strong><\/th><\/tr><\/thead><tbody><tr><td><strong>Betriebssystem<\/strong><\/td><td>Windows 10 (64-bit)<\/td><\/tr><tr><td><strong>Prozessor<\/strong><\/td><td>Intel Core i5-6600K or AMD Ryzen 5 2600<\/td><\/tr><tr><td><strong>RAM<\/strong><\/td><td>8 GB RAM<\/td><\/tr><tr><td><strong>Grafik<\/strong><\/td><td>NVIDIA GeForce GTX 1060 or AMD Radeon RX 580<\/td><\/tr><tr><td><strong>DirectX<\/strong><\/td><td>Version 12<\/td><\/tr><tr><td><strong>Speicher<\/strong><\/td><td>15 GB freier Speicherplatz<\/td><\/tr><tr><td><strong>Network<\/strong><\/td><td>Breitband-Internetverbindung<\/td><\/tr><\/tbody><\/table><\/figure>\n\n\n\n<h3 class=\"wp-block-heading has-medium-font-size\" id=\"h-3-weitere-uberlegungen\">3. Weitere \u00dcberlegungen<\/h3>\n\n\n\n<p class=\"has-medium-font-size\">Zus\u00e4tzlich zu diesen Hardwareanforderungen k\u00f6nnen einige weitere Faktoren Ihr Spielerlebnis beeinflussen:<\/p>\n\n\n\n<ul class=\"wp-block-list\">\n<li class=\"has-medium-font-size\"><strong>Internetverbindung:<\/strong> F\u00fcr Multiplayer-Modi ist eine stabile und schnelle Verbindung erforderlich, idealerweise 10 Mbit\/s oder mehr.<\/li>\n\n\n\n<li class=\"has-medium-font-size\"><strong>Peripherieger\u00e4te:<\/strong> W\u00e4hrend Maus und Tastatur bei Strategiespielen wie Deadlock Standard sind, kann je nach pers\u00f6nlicher Vorliebe auch ein Gamecontroller unterst\u00fctzt werden.<\/li>\n<\/ul>\n\n\n\n<h3 class=\"wp-block-heading has-medium-font-size\" id=\"h-4-leistungserwartungen\">4. <strong>Leistungserwartungen<\/strong><\/h3>\n\n\n\n<ul class=\"wp-block-list\">\n<li class=\"has-medium-font-size\"><strong>Low-End-Systeme:<\/strong> Bei den Mindestanforderungen m\u00fcssen Sie mit niedrigeren Bildraten und Grafikqualit\u00e4t rechnen. Es ist m\u00f6glicherweise noch spielbar, aber die Leistung k\u00f6nnte in grafisch anspruchsvollen Momenten leiden.<\/li>\n\n\n\n<li class=\"has-medium-font-size\"><strong>Mid-Range-Systeme:<\/strong> Wenn die empfohlenen Anforderungen erf\u00fcllt sind, sollte das Spielen bei 1080p-Aufl\u00f6sung mit 60 FPS bei mittleren Einstellungen m\u00f6glich sein.<\/li>\n\n\n\n<li class=\"has-medium-font-size\"><strong>High-End-Systeme:<\/strong> High-End-Setups (wie oben empfohlen) erm\u00f6glichen 1440p- oder 4K-Gaming mit Ultra-Grafikeinstellungen und fl\u00fcssigen Bildraten.<\/li>\n<\/ul>\n\n\n\n<h3 class=\"wp-block-heading has-medium-font-size\" id=\"h-5-optimieren-der-deadlock-leistung\">5. <strong>Optimieren der Deadlock-Leistung<\/strong><\/h3>\n\n\n\n<p class=\"has-medium-font-size\">Hier sind ein paar Tipps zur Leistungsoptimierung, wenn Ihr System zwischen den Mindest- und den empfohlenen Anforderungen liegt:<\/p>\n\n\n\n<ol class=\"wp-block-list\">\n<li class=\"has-medium-font-size\"><strong>Niedrigere Grafikeinstellungen:<\/strong> Wenn es zu Verz\u00f6gerungen oder Frame-Drops kommt, kann eine Reduzierung der Schattenqualit\u00e4t, des Anti-Aliasing oder der Texturdetails die Leistung erheblich verbessern.<\/li>\n\n\n\n<li class=\"has-medium-font-size\"><strong>Schlie\u00dfen Sie Hintergrundanwendungen:<\/strong> Stellen Sie sicher, dass keine unn\u00f6tigen Apps ausgef\u00fchrt werden, die CPU- und Speicherressourcen verbrauchen k\u00f6nnen.<\/li>\n\n\n\n<li class=\"has-medium-font-size\"><strong>Aktualisieren Sie Treiber:<\/strong> Aktualisieren Sie Ihre GPU-Treiber regelm\u00e4\u00dfig, um Kompatibilit\u00e4ts- und Leistungsverbesserungen sicherzustellen.<\/li>\n<\/ol>\n\n\n\n<p class=\"has-medium-font-size\">Indem Sie mindestens die empfohlenen Anforderungen erf\u00fcllen, k\u00f6nnen Sie beim Spielen von Deadlock ein reibungsloses und visuell beeindruckendes Erlebnis sicherstellen.<\/p>\n\n\n\n<lite-youtube videoid=\"Xm5_4R2BdEY\"><\/lite-youtube>\n","protected":false},"excerpt":{"rendered":"<p>Deadlock ist ein Strategiespiel, das eine bestimmte Hardwareleistung erfordert, um ein reibungsloses Gameplay zu gew\u00e4hrleisten. In diesem Artikel werden die Mindest- und<\/p>\n<p class=\"link-more\"><a class=\"myButt \" href=\"https:\/\/deadlock.video\/de\/deadlock-system-requirements\/\">Read More<\/a><\/p>\n","protected":false},"author":1,"featured_media":164,"parent":0,"menu_order":0,"comment_status":"closed","ping_status":"closed","template":"","meta":{"_uag_custom_page_level_css":"","footnotes":""},"class_list":["post-22","page","type-page","status-publish","has-post-thumbnail","hentry"],"yoast_head":"<!-- This site is optimized with the Yoast SEO Premium plugin v22.8 (Yoast SEO v23.9) - https:\/\/yoast.com\/wordpress\/plugins\/seo\/ -->\n<title>DeadLock-Spiel - Systemanforderungen<\/title>\n<meta name=\"description\" content=\"Informieren Sie sich \u00fcber die minimalen und empfohlenen Systemanforderungen f\u00fcr das Spiel Deadlock. Detaillierte Informationen zu den Parametern von Prozessor, Grafikkarte, RAM und Festplattenspeicher f\u00fcr ein komfortables Spiel.\" \/>\n<meta name=\"robots\" content=\"index, follow, max-snippet:-1, max-image-preview:large, max-video-preview:-1\" \/>\n<link rel=\"canonical\" href=\"https:\/\/deadlock.video\/de\/deadlock-system-requirements\/\" \/>\n<meta property=\"og:locale\" content=\"de_DE\" \/>\n<meta property=\"og:type\" content=\"article\" \/>\n<meta property=\"og:title\" content=\"Systemanforderungen f\u00fcr Deadlock: Eine ausf\u00fchrliche Anleitung\" \/>\n<meta property=\"og:description\" content=\"Informieren Sie sich \u00fcber die minimalen und empfohlenen Systemanforderungen f\u00fcr das Spiel Deadlock. Detaillierte Informationen zu den Parametern von Prozessor, Grafikkarte, RAM und Festplattenspeicher f\u00fcr ein komfortables Spiel.\" \/>\n<meta property=\"og:url\" content=\"https:\/\/deadlock.video\/de\/deadlock-system-requirements\/\" \/>\n<meta property=\"og:site_name\" content=\"Deadlock Spiel\" \/>\n<meta property=\"article:modified_time\" content=\"2024-11-07T14:58:54+00:00\" \/>\n<meta property=\"og:image\" content=\"http:\/\/deadlock.video\/de\/wp-content\/uploads\/sites\/8\/2024\/11\/new2-jpg.webp\" \/>\n\t<meta property=\"og:image:width\" content=\"1197\" \/>\n\t<meta property=\"og:image:height\" content=\"458\" \/>\n\t<meta property=\"og:image:type\" content=\"image\/jpeg\" \/>\n<meta name=\"twitter:card\" content=\"summary_large_image\" \/>\n<meta name=\"twitter:label1\" content=\"Est. reading time\" \/>\n\t<meta name=\"twitter:data1\" content=\"3 Minuten\" \/>\n<script type=\"application\/ld+json\" class=\"yoast-schema-graph\">{\"@context\":\"https:\/\/schema.org\",\"@graph\":[{\"@type\":\"WebPage\",\"@id\":\"https:\/\/deadlock.video\/de\/deadlock-system-requirements\/\",\"url\":\"https:\/\/deadlock.video\/de\/deadlock-system-requirements\/\",\"name\":\"DeadLock-Spiel - Systemanforderungen\",\"isPartOf\":{\"@id\":\"https:\/\/deadlock.video\/de\/#website\"},\"primaryImageOfPage\":{\"@id\":\"https:\/\/deadlock.video\/de\/deadlock-system-requirements\/#primaryimage\"},\"image\":{\"@id\":\"https:\/\/deadlock.video\/de\/deadlock-system-requirements\/#primaryimage\"},\"thumbnailUrl\":\"https:\/\/deadlock.video\/de\/wp-content\/uploads\/sites\/8\/2024\/11\/new2-jpg.webp\",\"datePublished\":\"2024-11-07T14:58:53+00:00\",\"dateModified\":\"2024-11-07T14:58:54+00:00\",\"description\":\"Informieren Sie sich \u00fcber die minimalen und empfohlenen Systemanforderungen f\u00fcr das Spiel Deadlock. Detaillierte Informationen zu den Parametern von Prozessor, Grafikkarte, RAM und Festplattenspeicher f\u00fcr ein komfortables Spiel.\",\"breadcrumb\":{\"@id\":\"https:\/\/deadlock.video\/de\/deadlock-system-requirements\/#breadcrumb\"},\"inLanguage\":\"de\",\"potentialAction\":[{\"@type\":\"ReadAction\",\"target\":[\"https:\/\/deadlock.video\/de\/deadlock-system-requirements\/\"]}]},{\"@type\":\"ImageObject\",\"inLanguage\":\"de\",\"@id\":\"https:\/\/deadlock.video\/de\/deadlock-system-requirements\/#primaryimage\",\"url\":\"https:\/\/deadlock.video\/de\/wp-content\/uploads\/sites\/8\/2024\/11\/new2-jpg.webp\",\"contentUrl\":\"https:\/\/deadlock.video\/de\/wp-content\/uploads\/sites\/8\/2024\/11\/new2-jpg.webp\",\"width\":1197,\"height\":458},{\"@type\":\"BreadcrumbList\",\"@id\":\"https:\/\/deadlock.video\/de\/deadlock-system-requirements\/#breadcrumb\",\"itemListElement\":[{\"@type\":\"ListItem\",\"position\":1,\"name\":\"Home\",\"item\":\"https:\/\/deadlock.video\/de\/\"},{\"@type\":\"ListItem\",\"position\":2,\"name\":\"Systemanforderungen f\u00fcr Deadlock: Eine ausf\u00fchrliche Anleitung\"}]},{\"@type\":\"WebSite\",\"@id\":\"https:\/\/deadlock.video\/de\/#website\",\"url\":\"https:\/\/deadlock.video\/de\/\",\"name\":\"Deadlock Spiel\",\"description\":\"\",\"potentialAction\":[{\"@type\":\"SearchAction\",\"target\":{\"@type\":\"EntryPoint\",\"urlTemplate\":\"https:\/\/deadlock.video\/de\/?s={search_term_string}\"},\"query-input\":{\"@type\":\"PropertyValueSpecification\",\"valueRequired\":true,\"valueName\":\"search_term_string\"}}],\"inLanguage\":\"de\"}]}<\/script>\n<!-- \/ Yoast SEO Premium plugin. -->","yoast_head_json":{"title":"DeadLock-Spiel - Systemanforderungen","description":"Informieren Sie sich \u00fcber die minimalen und empfohlenen Systemanforderungen f\u00fcr das Spiel Deadlock. Detaillierte Informationen zu den Parametern von Prozessor, Grafikkarte, RAM und Festplattenspeicher f\u00fcr ein komfortables Spiel.","robots":{"index":"index","follow":"follow","max-snippet":"max-snippet:-1","max-image-preview":"max-image-preview:large","max-video-preview":"max-video-preview:-1"},"canonical":"https:\/\/deadlock.video\/de\/deadlock-system-requirements\/","og_locale":"de_DE","og_type":"article","og_title":"Systemanforderungen f\u00fcr Deadlock: Eine ausf\u00fchrliche Anleitung","og_description":"Informieren Sie sich \u00fcber die minimalen und empfohlenen Systemanforderungen f\u00fcr das Spiel Deadlock. Detaillierte Informationen zu den Parametern von Prozessor, Grafikkarte, RAM und Festplattenspeicher f\u00fcr ein komfortables Spiel.","og_url":"https:\/\/deadlock.video\/de\/deadlock-system-requirements\/","og_site_name":"Deadlock Spiel","article_modified_time":"2024-11-07T14:58:54+00:00","og_image":[{"width":1197,"height":458,"url":"http:\/\/deadlock.video\/de\/wp-content\/uploads\/sites\/8\/2024\/11\/new2-jpg.webp","type":"image\/jpeg"}],"twitter_card":"summary_large_image","twitter_misc":{"Est. reading time":"3 Minuten"},"schema":{"@context":"https:\/\/schema.org","@graph":[{"@type":"WebPage","@id":"https:\/\/deadlock.video\/de\/deadlock-system-requirements\/","url":"https:\/\/deadlock.video\/de\/deadlock-system-requirements\/","name":"DeadLock-Spiel - Systemanforderungen","isPartOf":{"@id":"https:\/\/deadlock.video\/de\/#website"},"primaryImageOfPage":{"@id":"https:\/\/deadlock.video\/de\/deadlock-system-requirements\/#primaryimage"},"image":{"@id":"https:\/\/deadlock.video\/de\/deadlock-system-requirements\/#primaryimage"},"thumbnailUrl":"https:\/\/deadlock.video\/de\/wp-content\/uploads\/sites\/8\/2024\/11\/new2-jpg.webp","datePublished":"2024-11-07T14:58:53+00:00","dateModified":"2024-11-07T14:58:54+00:00","description":"Informieren Sie sich \u00fcber die minimalen und empfohlenen Systemanforderungen f\u00fcr das Spiel Deadlock. Detaillierte Informationen zu den Parametern von Prozessor, Grafikkarte, RAM und Festplattenspeicher f\u00fcr ein komfortables Spiel.","breadcrumb":{"@id":"https:\/\/deadlock.video\/de\/deadlock-system-requirements\/#breadcrumb"},"inLanguage":"de","potentialAction":[{"@type":"ReadAction","target":["https:\/\/deadlock.video\/de\/deadlock-system-requirements\/"]}]},{"@type":"ImageObject","inLanguage":"de","@id":"https:\/\/deadlock.video\/de\/deadlock-system-requirements\/#primaryimage","url":"https:\/\/deadlock.video\/de\/wp-content\/uploads\/sites\/8\/2024\/11\/new2-jpg.webp","contentUrl":"https:\/\/deadlock.video\/de\/wp-content\/uploads\/sites\/8\/2024\/11\/new2-jpg.webp","width":1197,"height":458},{"@type":"BreadcrumbList","@id":"https:\/\/deadlock.video\/de\/deadlock-system-requirements\/#breadcrumb","itemListElement":[{"@type":"ListItem","position":1,"name":"Home","item":"https:\/\/deadlock.video\/de\/"},{"@type":"ListItem","position":2,"name":"Systemanforderungen f\u00fcr Deadlock: Eine ausf\u00fchrliche Anleitung"}]},{"@type":"WebSite","@id":"https:\/\/deadlock.video\/de\/#website","url":"https:\/\/deadlock.video\/de\/","name":"Deadlock Spiel","description":"","potentialAction":[{"@type":"SearchAction","target":{"@type":"EntryPoint","urlTemplate":"https:\/\/deadlock.video\/de\/?s={search_term_string}"},"query-input":{"@type":"PropertyValueSpecification","valueRequired":true,"valueName":"search_term_string"}}],"inLanguage":"de"}]}},"uagb_featured_image_src":{"full":["https:\/\/deadlock.video\/de\/wp-content\/uploads\/sites\/8\/2024\/11\/new2-jpg.webp",1197,458,false],"thumbnail":["https:\/\/deadlock.video\/de\/wp-content\/uploads\/sites\/8\/2024\/11\/new2-150x150.webp",150,150,true],"medium":["https:\/\/deadlock.video\/de\/wp-content\/uploads\/sites\/8\/2024\/11\/new2-300x115.webp",300,115,true],"medium_large":["https:\/\/deadlock.video\/de\/wp-content\/uploads\/sites\/8\/2024\/11\/new2-768x294.webp",640,245,true],"large":["https:\/\/deadlock.video\/de\/wp-content\/uploads\/sites\/8\/2024\/11\/new2-1024x392.webp",640,245,true],"1536x1536":["https:\/\/deadlock.video\/de\/wp-content\/uploads\/sites\/8\/2024\/11\/new2-jpg.webp",1197,458,false],"2048x2048":["https:\/\/deadlock.video\/de\/wp-content\/uploads\/sites\/8\/2024\/11\/new2-jpg.webp",1197,458,false],"ultp_layout_landscape_large":["https:\/\/deadlock.video\/de\/wp-content\/uploads\/sites\/8\/2024\/11\/new2-jpg.webp",1197,458,false],"ultp_layout_landscape":["https:\/\/deadlock.video\/de\/wp-content\/uploads\/sites\/8\/2024\/11\/new2-870x458.webp",870,458,true],"ultp_layout_portrait":["https:\/\/deadlock.video\/de\/wp-content\/uploads\/sites\/8\/2024\/11\/new2-600x458.webp",600,458,true],"ultp_layout_square":["https:\/\/deadlock.video\/de\/wp-content\/uploads\/sites\/8\/2024\/11\/new2-600x458.webp",600,458,true]},"uagb_author_info":{"display_name":"Svetlana Donmez","author_link":"https:\/\/deadlock.video\/de\/author\/admin\/"},"uagb_comment_info":0,"uagb_excerpt":"Deadlock ist ein Strategiespiel, das eine bestimmte Hardwareleistung erfordert, um ein reibungsloses Gameplay zu gew\u00e4hrleisten. In diesem Artikel werden die Mindest- undRead More","_links":{"self":[{"href":"https:\/\/deadlock.video\/de\/wp-json\/wp\/v2\/pages\/22"}],"collection":[{"href":"https:\/\/deadlock.video\/de\/wp-json\/wp\/v2\/pages"}],"about":[{"href":"https:\/\/deadlock.video\/de\/wp-json\/wp\/v2\/types\/page"}],"author":[{"embeddable":true,"href":"https:\/\/deadlock.video\/de\/wp-json\/wp\/v2\/users\/1"}],"replies":[{"embeddable":true,"href":"https:\/\/deadlock.video\/de\/wp-json\/wp\/v2\/comments?post=22"}],"version-history":[{"count":1,"href":"https:\/\/deadlock.video\/de\/wp-json\/wp\/v2\/pages\/22\/revisions"}],"predecessor-version":[{"id":165,"href":"https:\/\/deadlock.video\/de\/wp-json\/wp\/v2\/pages\/22\/revisions\/165"}],"wp:featuredmedia":[{"embeddable":true,"href":"https:\/\/deadlock.video\/de\/wp-json\/wp\/v2\/media\/164"}],"wp:attachment":[{"href":"https:\/\/deadlock.video\/de\/wp-json\/wp\/v2\/media?parent=22"}],"curies":[{"name":"wp","href":"https:\/\/api.w.org\/{rel}","templated":true}]}}