{"id":23,"date":"2024-11-07T17:49:41","date_gmt":"2024-11-07T14:49:41","guid":{"rendered":"https:\/\/deadlock.video\/de\/?page_id=23"},"modified":"2024-11-07T17:49:42","modified_gmt":"2024-11-07T14:49:42","slug":"when-is-deadlock-release-date","status":"publish","type":"page","link":"https:\/\/deadlock.video\/de\/when-is-deadlock-release-date\/","title":{"rendered":"Wann ist das Ver\u00f6ffentlichungsdatum von Deadlock?"},"content":{"rendered":"\n<p class=\"has-medium-font-size\">Gr\u00fc\u00dfe an alle Fans von Valve-Produkten. Heute m\u00f6chte ich Ihnen vom mit gr\u00f6\u00dfter Spannung erwarteten Spiel der Saison erz\u00e4hlen \u2013 Deadlock.<\/p>\n\n\n\n<p class=\"has-medium-font-size\">Das Spiel Deadlock ist eine Mischung aus Dota 2 und Valorant. Benutzer, die mit dem MOBA-Genre vertraut sind, werden nichts Neues entdecken.<\/p>\n\n\n\n<p class=\"has-medium-font-size\">Das Spiel besteht also aus 2 Teams, die Spieler m\u00fcssen die feindliche Basis zerst\u00f6ren, die von Verteidigungsmodulen bewacht wird. Die Teambasen sind durch vier Linien verbunden. Vor Beginn eines Spiels w\u00e4hlt der Spieler einen Charakter mit einzigartigen F\u00e4higkeiten wie in Dota 2, vom Gameplay her ist Deadlock jedoch ein Third-Person-Shooter.<\/p>\n\n\n\n<h2 class=\"wp-block-heading has-medium-font-size\" id=\"h-deadlock-veroffentlichungsdatum\">Deadlock-Ver\u00f6ffentlichungsdatum<\/h2>\n\n\n\n<p class=\"has-medium-font-size\">Deadlock auf Steam hat noch kein offizielles Ver\u00f6ffentlichungsdatum. Valve hat jedoch am 24. August einen \u00f6ffentlichen Spieltest gestartet, an dem teilnehmende Spieler auf Einladung teilnehmen k\u00f6nnen.<\/p>\n\n\n<div class=\"wp-block-image\">\n<figure class=\"aligncenter\"><img decoding=\"async\" src=\"http:\/\/deadlock.video\/wp-content\/uploads\/sites\/2\/2024\/10\/deadlock_release_date_1.jpg\" alt=\"deadlock release\" class=\"wp-image-26\"\/><\/figure><\/div>\n\n\n<p class=\"has-medium-font-size\">Ich denke, in der Community wei\u00df jeder bereits, dass Valve Multiplayer-Projekte zuerst als \u00f6ffentliche Betaversionen ver\u00f6ffentlicht. Beispielsweise wurde der Dota 2-Betatest nach The International im Jahr 2011 gestartet. Das offizielle Ver\u00f6ffentlichungsdatum des Spiels ist jedoch der 9. Juli 2013.<\/p>\n\n\n\n<p class=\"has-medium-font-size\">Es w\u00fcrde mich nicht \u00fcberraschen, wenn Valves Deadlock 2-3 Jahre nach der Freigabe f\u00fcr alle offiziell ver\u00f6ffentlicht w\u00fcrde.<\/p>\n\n\n\n<h2 class=\"wp-block-heading has-medium-font-size\" id=\"h-so-spielen-sie-deadlock-jetzt\">So spielen Sie Deadlock jetzt<\/h2>\n\n\n\n<p class=\"has-medium-font-size\">Einladungen werden von Benutzern ausgegeben, die Zugriff auf das Spiel erhalten haben. Wenn es keine Freunde mit Deadlock gibt, k\u00f6nnen Sie Einladungen in Steam-Gruppen und Discord-Themenservern erhalten.<\/p>\n\n\n<div class=\"wp-block-image\">\n<figure class=\"aligncenter\"><img decoding=\"async\" src=\"http:\/\/deadlock.video\/wp-content\/uploads\/sites\/2\/2024\/10\/deadlock_release_date_2.jpg\" alt=\"deadlock invite friends\" class=\"wp-image-26\"\/><\/figure><\/div>\n\n\n<p class=\"has-medium-font-size\">Ein Spieler kann eine unbegrenzte Anzahl von Einladungen verschicken. Die Einladung kommt innerhalb weniger Stunden an, danach kann der Benutzer das Spiel von Steam auf den PC herunterladen.<\/p>\n\n\n\n<p class=\"has-medium-font-size\">Im September 2024 hat Deadlock auf seinem H\u00f6hepunkt online \u00fcber 100.000 Spieler.<\/p>\n\n\n\n<lite-youtube videoid=\"PV8Gdo33L9U\"><\/lite-youtube>\n","protected":false},"excerpt":{"rendered":"<p>Gr\u00fc\u00dfe an alle Fans von Valve-Produkten. Heute m\u00f6chte ich Ihnen vom mit gr\u00f6\u00dfter Spannung erwarteten Spiel der Saison erz\u00e4hlen \u2013 Deadlock. Das<\/p>\n<p class=\"link-more\"><a class=\"myButt \" href=\"https:\/\/deadlock.video\/de\/when-is-deadlock-release-date\/\">Read More<\/a><\/p>\n","protected":false},"author":1,"featured_media":162,"parent":0,"menu_order":0,"comment_status":"closed","ping_status":"closed","template":"","meta":{"_uag_custom_page_level_css":"","footnotes":""},"class_list":["post-23","page","type-page","status-publish","has-post-thumbnail","hentry"],"yoast_head":"<!-- This site is optimized with the Yoast SEO Premium plugin v22.8 (Yoast SEO v23.9) - https:\/\/yoast.com\/wordpress\/plugins\/seo\/ -->\n<title>Wann ist der Ver\u00f6ffentlichungstermin des Spiels Deadlock?<\/title>\n<meta name=\"description\" content=\"Wann erscheint Deadlock, das Ver\u00f6ffentlichungsdatum des Spiels. So erhalten Sie in der Testphase eine Einladung zum Spiel.\" \/>\n<meta name=\"robots\" content=\"index, follow, max-snippet:-1, max-image-preview:large, max-video-preview:-1\" \/>\n<link rel=\"canonical\" href=\"https:\/\/deadlock.video\/de\/when-is-deadlock-release-date\/\" \/>\n<meta property=\"og:locale\" content=\"de_DE\" \/>\n<meta property=\"og:type\" content=\"article\" \/>\n<meta property=\"og:title\" content=\"Deadlock game release date: Deadlock release\" \/>\n<meta property=\"og:description\" content=\"When Deadlock will be released, the release date of the game. How you can get an invite to the game in the testing phase.\" \/>\n<meta property=\"og:url\" content=\"https:\/\/deadlock.video\/de\/when-is-deadlock-release-date\/\" \/>\n<meta property=\"og:site_name\" content=\"Deadlock Spiel\" \/>\n<meta property=\"article:modified_time\" content=\"2024-11-07T14:49:42+00:00\" \/>\n<meta property=\"og:image\" content=\"http:\/\/deadlock.video\/de\/wp-content\/uploads\/sites\/8\/2024\/11\/deadlock_release_date_1-150x150-1-jpg.webp\" \/>\n\t<meta property=\"og:image:width\" content=\"150\" \/>\n\t<meta property=\"og:image:height\" content=\"150\" \/>\n\t<meta property=\"og:image:type\" content=\"image\/jpeg\" \/>\n<meta name=\"twitter:card\" content=\"summary_large_image\" \/>\n<meta name=\"twitter:title\" content=\"Wann ist das Ver\u00f6ffentlichungsdatum von Deadlock?\" \/>\n<meta name=\"twitter:label1\" content=\"Est. reading time\" \/>\n\t<meta name=\"twitter:data1\" content=\"2 Minuten\" \/>\n<script type=\"application\/ld+json\" class=\"yoast-schema-graph\">{\"@context\":\"https:\/\/schema.org\",\"@graph\":[{\"@type\":\"WebPage\",\"@id\":\"https:\/\/deadlock.video\/de\/when-is-deadlock-release-date\/\",\"url\":\"https:\/\/deadlock.video\/de\/when-is-deadlock-release-date\/\",\"name\":\"Wann ist der Ver\u00f6ffentlichungstermin des Spiels Deadlock?\",\"isPartOf\":{\"@id\":\"https:\/\/deadlock.video\/de\/#website\"},\"primaryImageOfPage\":{\"@id\":\"https:\/\/deadlock.video\/de\/when-is-deadlock-release-date\/#primaryimage\"},\"image\":{\"@id\":\"https:\/\/deadlock.video\/de\/when-is-deadlock-release-date\/#primaryimage\"},\"thumbnailUrl\":\"https:\/\/deadlock.video\/de\/wp-content\/uploads\/sites\/8\/2024\/11\/deadlock_release_date_1-150x150-1-jpg.webp\",\"datePublished\":\"2024-11-07T14:49:41+00:00\",\"dateModified\":\"2024-11-07T14:49:42+00:00\",\"description\":\"Wann erscheint Deadlock, das Ver\u00f6ffentlichungsdatum des Spiels. So erhalten Sie in der Testphase eine Einladung zum Spiel.\",\"breadcrumb\":{\"@id\":\"https:\/\/deadlock.video\/de\/when-is-deadlock-release-date\/#breadcrumb\"},\"inLanguage\":\"de\",\"potentialAction\":[{\"@type\":\"ReadAction\",\"target\":[\"https:\/\/deadlock.video\/de\/when-is-deadlock-release-date\/\"]}]},{\"@type\":\"ImageObject\",\"inLanguage\":\"de\",\"@id\":\"https:\/\/deadlock.video\/de\/when-is-deadlock-release-date\/#primaryimage\",\"url\":\"https:\/\/deadlock.video\/de\/wp-content\/uploads\/sites\/8\/2024\/11\/deadlock_release_date_1-150x150-1-jpg.webp\",\"contentUrl\":\"https:\/\/deadlock.video\/de\/wp-content\/uploads\/sites\/8\/2024\/11\/deadlock_release_date_1-150x150-1-jpg.webp\",\"width\":150,\"height\":150},{\"@type\":\"BreadcrumbList\",\"@id\":\"https:\/\/deadlock.video\/de\/when-is-deadlock-release-date\/#breadcrumb\",\"itemListElement\":[{\"@type\":\"ListItem\",\"position\":1,\"name\":\"Home\",\"item\":\"https:\/\/deadlock.video\/de\/\"},{\"@type\":\"ListItem\",\"position\":2,\"name\":\"Wann ist das Ver\u00f6ffentlichungsdatum von Deadlock?\"}]},{\"@type\":\"WebSite\",\"@id\":\"https:\/\/deadlock.video\/de\/#website\",\"url\":\"https:\/\/deadlock.video\/de\/\",\"name\":\"Deadlock Spiel\",\"description\":\"\",\"potentialAction\":[{\"@type\":\"SearchAction\",\"target\":{\"@type\":\"EntryPoint\",\"urlTemplate\":\"https:\/\/deadlock.video\/de\/?s={search_term_string}\"},\"query-input\":{\"@type\":\"PropertyValueSpecification\",\"valueRequired\":true,\"valueName\":\"search_term_string\"}}],\"inLanguage\":\"de\"}]}<\/script>\n<!-- \/ Yoast SEO Premium plugin. -->","yoast_head_json":{"title":"Wann ist der Ver\u00f6ffentlichungstermin des Spiels Deadlock?","description":"Wann erscheint Deadlock, das Ver\u00f6ffentlichungsdatum des Spiels. So erhalten Sie in der Testphase eine Einladung zum Spiel.","robots":{"index":"index","follow":"follow","max-snippet":"max-snippet:-1","max-image-preview":"max-image-preview:large","max-video-preview":"max-video-preview:-1"},"canonical":"https:\/\/deadlock.video\/de\/when-is-deadlock-release-date\/","og_locale":"de_DE","og_type":"article","og_title":"Deadlock game release date: Deadlock release","og_description":"When Deadlock will be released, the release date of the game. How you can get an invite to the game in the testing phase.","og_url":"https:\/\/deadlock.video\/de\/when-is-deadlock-release-date\/","og_site_name":"Deadlock Spiel","article_modified_time":"2024-11-07T14:49:42+00:00","og_image":[{"width":150,"height":150,"url":"http:\/\/deadlock.video\/de\/wp-content\/uploads\/sites\/8\/2024\/11\/deadlock_release_date_1-150x150-1-jpg.webp","type":"image\/jpeg"}],"twitter_card":"summary_large_image","twitter_title":"Wann ist das Ver\u00f6ffentlichungsdatum von Deadlock?","twitter_misc":{"Est. reading time":"2 Minuten"},"schema":{"@context":"https:\/\/schema.org","@graph":[{"@type":"WebPage","@id":"https:\/\/deadlock.video\/de\/when-is-deadlock-release-date\/","url":"https:\/\/deadlock.video\/de\/when-is-deadlock-release-date\/","name":"Wann ist der Ver\u00f6ffentlichungstermin des Spiels Deadlock?","isPartOf":{"@id":"https:\/\/deadlock.video\/de\/#website"},"primaryImageOfPage":{"@id":"https:\/\/deadlock.video\/de\/when-is-deadlock-release-date\/#primaryimage"},"image":{"@id":"https:\/\/deadlock.video\/de\/when-is-deadlock-release-date\/#primaryimage"},"thumbnailUrl":"https:\/\/deadlock.video\/de\/wp-content\/uploads\/sites\/8\/2024\/11\/deadlock_release_date_1-150x150-1-jpg.webp","datePublished":"2024-11-07T14:49:41+00:00","dateModified":"2024-11-07T14:49:42+00:00","description":"Wann erscheint Deadlock, das Ver\u00f6ffentlichungsdatum des Spiels. So erhalten Sie in der Testphase eine Einladung zum Spiel.","breadcrumb":{"@id":"https:\/\/deadlock.video\/de\/when-is-deadlock-release-date\/#breadcrumb"},"inLanguage":"de","potentialAction":[{"@type":"ReadAction","target":["https:\/\/deadlock.video\/de\/when-is-deadlock-release-date\/"]}]},{"@type":"ImageObject","inLanguage":"de","@id":"https:\/\/deadlock.video\/de\/when-is-deadlock-release-date\/#primaryimage","url":"https:\/\/deadlock.video\/de\/wp-content\/uploads\/sites\/8\/2024\/11\/deadlock_release_date_1-150x150-1-jpg.webp","contentUrl":"https:\/\/deadlock.video\/de\/wp-content\/uploads\/sites\/8\/2024\/11\/deadlock_release_date_1-150x150-1-jpg.webp","width":150,"height":150},{"@type":"BreadcrumbList","@id":"https:\/\/deadlock.video\/de\/when-is-deadlock-release-date\/#breadcrumb","itemListElement":[{"@type":"ListItem","position":1,"name":"Home","item":"https:\/\/deadlock.video\/de\/"},{"@type":"ListItem","position":2,"name":"Wann ist das Ver\u00f6ffentlichungsdatum von Deadlock?"}]},{"@type":"WebSite","@id":"https:\/\/deadlock.video\/de\/#website","url":"https:\/\/deadlock.video\/de\/","name":"Deadlock Spiel","description":"","potentialAction":[{"@type":"SearchAction","target":{"@type":"EntryPoint","urlTemplate":"https:\/\/deadlock.video\/de\/?s={search_term_string}"},"query-input":{"@type":"PropertyValueSpecification","valueRequired":true,"valueName":"search_term_string"}}],"inLanguage":"de"}]}},"uagb_featured_image_src":{"full":["https:\/\/deadlock.video\/de\/wp-content\/uploads\/sites\/8\/2024\/11\/deadlock_release_date_1-150x150-1-jpg.webp",150,150,false],"thumbnail":["https:\/\/deadlock.video\/de\/wp-content\/uploads\/sites\/8\/2024\/11\/deadlock_release_date_1-150x150-1-jpg.webp",150,150,false],"medium":["https:\/\/deadlock.video\/de\/wp-content\/uploads\/sites\/8\/2024\/11\/deadlock_release_date_1-150x150-1-jpg.webp",150,150,false],"medium_large":["https:\/\/deadlock.video\/de\/wp-content\/uploads\/sites\/8\/2024\/11\/deadlock_release_date_1-150x150-1-jpg.webp",150,150,false],"large":["https:\/\/deadlock.video\/de\/wp-content\/uploads\/sites\/8\/2024\/11\/deadlock_release_date_1-150x150-1-jpg.webp",150,150,false],"1536x1536":["https:\/\/deadlock.video\/de\/wp-content\/uploads\/sites\/8\/2024\/11\/deadlock_release_date_1-150x150-1-jpg.webp",150,150,false],"2048x2048":["https:\/\/deadlock.video\/de\/wp-content\/uploads\/sites\/8\/2024\/11\/deadlock_release_date_1-150x150-1-jpg.webp",150,150,false],"ultp_layout_landscape_large":["https:\/\/deadlock.video\/de\/wp-content\/uploads\/sites\/8\/2024\/11\/deadlock_release_date_1-150x150-1-jpg.webp",150,150,false],"ultp_layout_landscape":["https:\/\/deadlock.video\/de\/wp-content\/uploads\/sites\/8\/2024\/11\/deadlock_release_date_1-150x150-1-jpg.webp",150,150,false],"ultp_layout_portrait":["https:\/\/deadlock.video\/de\/wp-content\/uploads\/sites\/8\/2024\/11\/deadlock_release_date_1-150x150-1-jpg.webp",150,150,false],"ultp_layout_square":["https:\/\/deadlock.video\/de\/wp-content\/uploads\/sites\/8\/2024\/11\/deadlock_release_date_1-150x150-1-jpg.webp",150,150,false]},"uagb_author_info":{"display_name":"Svetlana Donmez","author_link":"https:\/\/deadlock.video\/de\/author\/admin\/"},"uagb_comment_info":0,"uagb_excerpt":"Gr\u00fc\u00dfe an alle Fans von Valve-Produkten. Heute m\u00f6chte ich Ihnen vom mit gr\u00f6\u00dfter Spannung erwarteten Spiel der Saison erz\u00e4hlen \u2013 Deadlock. DasRead More","_links":{"self":[{"href":"https:\/\/deadlock.video\/de\/wp-json\/wp\/v2\/pages\/23"}],"collection":[{"href":"https:\/\/deadlock.video\/de\/wp-json\/wp\/v2\/pages"}],"about":[{"href":"https:\/\/deadlock.video\/de\/wp-json\/wp\/v2\/types\/page"}],"author":[{"embeddable":true,"href":"https:\/\/deadlock.video\/de\/wp-json\/wp\/v2\/users\/1"}],"replies":[{"embeddable":true,"href":"https:\/\/deadlock.video\/de\/wp-json\/wp\/v2\/comments?post=23"}],"version-history":[{"count":1,"href":"https:\/\/deadlock.video\/de\/wp-json\/wp\/v2\/pages\/23\/revisions"}],"predecessor-version":[{"id":163,"href":"https:\/\/deadlock.video\/de\/wp-json\/wp\/v2\/pages\/23\/revisions\/163"}],"wp:featuredmedia":[{"embeddable":true,"href":"https:\/\/deadlock.video\/de\/wp-json\/wp\/v2\/media\/162"}],"wp:attachment":[{"href":"https:\/\/deadlock.video\/de\/wp-json\/wp\/v2\/media?parent=23"}],"curies":[{"name":"wp","href":"https:\/\/api.w.org\/{rel}","templated":true}]}}