{"id":14,"date":"2024-10-22T12:42:12","date_gmt":"2024-10-22T09:42:12","guid":{"rendered":"https:\/\/deadlock.video\/fi\/?page_id=14"},"modified":"2024-10-22T12:58:49","modified_gmt":"2024-10-22T09:58:49","slug":"deadlock-sights-generaattori","status":"publish","type":"page","link":"https:\/\/deadlock.video\/fi\/deadlock-sights-generaattori\/","title":{"rendered":"DeadLock Sights &#8211; Generaattori"},"content":{"rendered":"\n<script type=\"module\" crossorigin src=\"\/wp-content\/themes\/game\/index-BRJkGsK52.js\"><\/script>\n\n  <div id=\"root\"><\/div>\n\n\n\n<p class=\"has-medium-font-size\">Deadlockissa oikea hiusristikko voi vaikuttaa pelikokemukseesi. Hiusristill\u00e4 on ratkaiseva rooli t\u00e4ht\u00e4yksess\u00e4, tarkkuudessa ja yleisess\u00e4 taistelutehokkuudessa, mik\u00e4 tarjoaa pelaajille erilaisia \u200b\u200bvaihtoehtoja ampumatarkkuuden parantamiseksi. Saatavilla olevien erilaisten hiusristikkotyyppien ymm\u00e4rt\u00e4minen voi merkitt\u00e4v\u00e4sti parantaa suorituskyky\u00e4si taisteluissa.<\/p>\n\n\n\n<h2 class=\"wp-block-heading has-medium-font-size\" id=\"h-hiusristikkotyypit\">Hiusristikkotyypit<\/h2>\n\n\n\n<ul class=\"wp-block-list\">\n<li class=\"has-medium-font-size\"><strong>Vakioristikko:<\/strong> N\u00e4m\u00e4 ovat perushiusristikkoja, jotka tarjoavat selke\u00e4n n\u00e4kyvyyden ja helpon kohdistuksen aloittelijoille. Ne tarjoavat tasapainoisen n\u00e4kym\u00e4n erilaisille aseille ja ovat ihanteellisia uusille pelaajille, jotka voivat tottua pelin mekaniikkaan.<\/li>\n<\/ul>\n\n\n\n<ul class=\"wp-block-list\">\n<li class=\"has-medium-font-size\"><strong>Dynaamiset hiusristikot:<\/strong> N\u00e4m\u00e4 ristikot muuttavat kokoa ja muotoa liikkeesi ja aseesi k\u00e4sittelyn mukaan. Leve\u00e4mpi hiusristikko osoittaa tarkkuuden heikkenemist\u00e4 liikkumisen aikana, mik\u00e4 rohkaisee pelaajia pys\u00e4htym\u00e4\u00e4n ennen ampumista optimaalisen tarkkuuden saavuttamiseksi.<\/li>\n<\/ul>\n\n\n\n<ul class=\"wp-block-list\">\n<li class=\"has-medium-font-size\"><strong>Muokattavat hiusristikko:<\/strong> Pelaajat voivat mukauttaa hiusristikkonsa mieltymyksiens\u00e4 mukaan s\u00e4\u00e4t\u00e4m\u00e4ll\u00e4 v\u00e4ri\u00e4, kokoa ja tyyli\u00e4. T\u00e4m\u00e4 r\u00e4\u00e4t\u00e4l\u00f6inti mahdollistaa paremman n\u00e4kyvyyden eri taustoista ja auttaa pelaajia l\u00f6yt\u00e4m\u00e4\u00e4n t\u00e4ydellisen sopivan pelityyliins\u00e4.<\/li>\n<\/ul>\n\n\n\n<ul class=\"wp-block-list\">\n<li class=\"has-medium-font-size\"><strong>Erikoistuneet hiusristikot:<\/strong> Joillakin hahmoilla tai aseilla on ainutlaatuinen hiusristikkomalli, joka on r\u00e4\u00e4t\u00e4l\u00f6ity heid\u00e4n kykyjens\u00e4 mukaan. N\u00e4m\u00e4 hiusristikko tarjoavat visuaalisia vihjeit\u00e4 optimaalisiin ampumisolosuhteisiin ja voivat parantaa yleist\u00e4 taistelukokemusta.<\/li>\n<\/ul>\n\n\n\n<h2 class=\"wp-block-heading has-medium-font-size\" id=\"h-hiusristikon-merkitys-umpikujassa\">Hiusristikon merkitys umpikujassa<\/h2>\n\n\n\n<p class=\"has-medium-font-size\">Oikean hiusristikon valitseminen on v\u00e4ltt\u00e4m\u00e4t\u00f6nt\u00e4 tarkkuuden ja tehokkuuden maksimoimiseksi taistelussa. Hyvin sopivan hiusristikon avulla pelaajat voivat nopeasti kohdistaa vihollisia ja tehd\u00e4 tarkkoja laukauksia, mik\u00e4 johtaa lopulta parempaan suorituskykyyn otteluissa.<\/p>\n\n\n\n<h2 class=\"wp-block-heading has-medium-font-size\" id=\"h-vinkkeja-hiusristikon-tehokkaaseen-kayttoon\">Vinkkej\u00e4 hiusristikon tehokkaaseen k\u00e4ytt\u00f6\u00f6n<\/h2>\n\n\n\n<ul class=\"wp-block-list\">\n<li class=\"has-medium-font-size\">L\u00f6yd\u00e4 tyylisi: Kokeile eri hiusristikk\u00f6j\u00e4 n\u00e4hd\u00e4ksesi, mik\u00e4 tuntuu mukavimmalta ja parantaa tavoitettasi.<\/li>\n\n\n\n<li class=\"has-medium-font-size\">S\u00e4\u00e4d\u00e4 n\u00e4kyvyytt\u00e4: Mukauta hiusristikkosi v\u00e4ri\u00e4 ja kokoa varmistaaksesi, ett\u00e4 se erottuu pelin eri ymp\u00e4rist\u00f6ist\u00e4.<\/li>\n\n\n\n<li class=\"has-medium-font-size\">Harjoittele: Viet\u00e4 aikaa harjoitustiloissa tarkentaaksesi t\u00e4ht\u00e4yst\u00e4si eri hiusristikoilla ja oppiaksesi kuinka ne vaikuttavat ampumiseen.<\/li>\n<\/ul>\n\n\n\n<p class=\"has-medium-font-size\">Deadlockissa hiusristikko on enemm\u00e4n kuin pelkk\u00e4 visuaalinen apuv\u00e4line; ne ovat pelin perustavanlaatuinen osa, joka voi vaikuttaa menestykseesi taistelukent\u00e4ll\u00e4. Ymm\u00e4rt\u00e4m\u00e4ll\u00e4 erilaisia \u200b\u200bhiusristikkotyyppej\u00e4 ja l\u00f6yt\u00e4m\u00e4ll\u00e4 pelityyliisi sopivan voit parantaa t\u00e4ht\u00e4ystarkkuuttasi ja yleist\u00e4 pelikokemustasi. Sukella Deadlockin maailmaan ja hy\u00f6dynn\u00e4 hiusristikkoasi saavuttaaksesi eeppisi\u00e4 voittoja!<\/p>\n","protected":false},"excerpt":{"rendered":"<p>Deadlockissa oikea hiusristikko voi vaikuttaa pelikokemukseesi. Hiusristill\u00e4 on ratkaiseva rooli t\u00e4ht\u00e4yksess\u00e4, tarkkuudessa ja yleisess\u00e4 taistelutehokkuudessa, mik\u00e4 tarjoaa pelaajille erilaisia \u200b\u200bvaihtoehtoja ampumatarkkuuden parantamiseksi.<\/p>\n<p class=\"link-more\"><a class=\"myButt \" href=\"https:\/\/deadlock.video\/fi\/deadlock-sights-generaattori\/\">Read More<\/a><\/p>\n","protected":false},"author":1,"featured_media":0,"parent":0,"menu_order":0,"comment_status":"closed","ping_status":"closed","template":"","meta":{"_uag_custom_page_level_css":"","footnotes":""},"class_list":["post-14","page","type-page","status-publish","hentry"],"yoast_head":"<!-- This site is optimized with the Yoast SEO Premium plugin v22.8 (Yoast SEO v23.9) - https:\/\/yoast.com\/wordpress\/plugins\/seo\/ -->\n<title>DeadLock Sights - Generaattori &#8226; Deadlock.Video<\/title>\n<meta name=\"description\" content=\"T\u00e4\u00e4ll\u00e4 voit optimaalisesti m\u00e4\u00e4ritt\u00e4\u00e4 t\u00e4ht\u00e4imen Deadlockille, luoda ja asentaa sen konsolin kautta. Tee itsellesi paras Deadlock-t\u00e4ht\u00e4in.\" \/>\n<meta name=\"robots\" content=\"index, follow, max-snippet:-1, max-image-preview:large, max-video-preview:-1\" \/>\n<link rel=\"canonical\" href=\"https:\/\/deadlock.video\/fi\/deadlock-sights-generaattori\/\" \/>\n<meta property=\"og:locale\" content=\"fi_FI\" \/>\n<meta property=\"og:type\" content=\"article\" \/>\n<meta property=\"og:title\" content=\"DeadLock Sights - Generaattori\" \/>\n<meta property=\"og:description\" content=\"T\u00e4\u00e4ll\u00e4 voit optimaalisesti m\u00e4\u00e4ritt\u00e4\u00e4 t\u00e4ht\u00e4imen Deadlockille, luoda ja asentaa sen konsolin kautta. Tee itsellesi paras Deadlock-t\u00e4ht\u00e4in.\" \/>\n<meta property=\"og:url\" content=\"https:\/\/deadlock.video\/fi\/deadlock-sights-generaattori\/\" \/>\n<meta property=\"og:site_name\" content=\"Deadlock.Video\" \/>\n<meta property=\"article:modified_time\" content=\"2024-10-22T09:58:49+00:00\" \/>\n<meta name=\"twitter:card\" content=\"summary_large_image\" \/>\n<meta name=\"twitter:label1\" content=\"Est. reading time\" \/>\n\t<meta name=\"twitter:data1\" content=\"2 minuuttia\" \/>\n<script type=\"application\/ld+json\" class=\"yoast-schema-graph\">{\"@context\":\"https:\/\/schema.org\",\"@graph\":[{\"@type\":\"WebPage\",\"@id\":\"https:\/\/deadlock.video\/fi\/deadlock-sights-generaattori\/\",\"url\":\"https:\/\/deadlock.video\/fi\/deadlock-sights-generaattori\/\",\"name\":\"DeadLock Sights - Generaattori &#8226; Deadlock.Video\",\"isPartOf\":{\"@id\":\"https:\/\/deadlock.video\/fi\/#website\"},\"datePublished\":\"2024-10-22T09:42:12+00:00\",\"dateModified\":\"2024-10-22T09:58:49+00:00\",\"description\":\"T\u00e4\u00e4ll\u00e4 voit optimaalisesti m\u00e4\u00e4ritt\u00e4\u00e4 t\u00e4ht\u00e4imen Deadlockille, luoda ja asentaa sen konsolin kautta. Tee itsellesi paras Deadlock-t\u00e4ht\u00e4in.\",\"breadcrumb\":{\"@id\":\"https:\/\/deadlock.video\/fi\/deadlock-sights-generaattori\/#breadcrumb\"},\"inLanguage\":\"fi\",\"potentialAction\":[{\"@type\":\"ReadAction\",\"target\":[\"https:\/\/deadlock.video\/fi\/deadlock-sights-generaattori\/\"]}]},{\"@type\":\"BreadcrumbList\",\"@id\":\"https:\/\/deadlock.video\/fi\/deadlock-sights-generaattori\/#breadcrumb\",\"itemListElement\":[{\"@type\":\"ListItem\",\"position\":1,\"name\":\"Home\",\"item\":\"https:\/\/deadlock.video\/fi\/\"},{\"@type\":\"ListItem\",\"position\":2,\"name\":\"DeadLock Sights &#8211; Generaattori\"}]},{\"@type\":\"WebSite\",\"@id\":\"https:\/\/deadlock.video\/fi\/#website\",\"url\":\"https:\/\/deadlock.video\/fi\/\",\"name\":\"Deadlock.Video\",\"description\":\"\",\"potentialAction\":[{\"@type\":\"SearchAction\",\"target\":{\"@type\":\"EntryPoint\",\"urlTemplate\":\"https:\/\/deadlock.video\/fi\/?s={search_term_string}\"},\"query-input\":{\"@type\":\"PropertyValueSpecification\",\"valueRequired\":true,\"valueName\":\"search_term_string\"}}],\"inLanguage\":\"fi\"}]}<\/script>\n<!-- \/ Yoast SEO Premium plugin. -->","yoast_head_json":{"title":"DeadLock Sights - Generaattori &#8226; Deadlock.Video","description":"T\u00e4\u00e4ll\u00e4 voit optimaalisesti m\u00e4\u00e4ritt\u00e4\u00e4 t\u00e4ht\u00e4imen Deadlockille, luoda ja asentaa sen konsolin kautta. Tee itsellesi paras Deadlock-t\u00e4ht\u00e4in.","robots":{"index":"index","follow":"follow","max-snippet":"max-snippet:-1","max-image-preview":"max-image-preview:large","max-video-preview":"max-video-preview:-1"},"canonical":"https:\/\/deadlock.video\/fi\/deadlock-sights-generaattori\/","og_locale":"fi_FI","og_type":"article","og_title":"DeadLock Sights - Generaattori","og_description":"T\u00e4\u00e4ll\u00e4 voit optimaalisesti m\u00e4\u00e4ritt\u00e4\u00e4 t\u00e4ht\u00e4imen Deadlockille, luoda ja asentaa sen konsolin kautta. Tee itsellesi paras Deadlock-t\u00e4ht\u00e4in.","og_url":"https:\/\/deadlock.video\/fi\/deadlock-sights-generaattori\/","og_site_name":"Deadlock.Video","article_modified_time":"2024-10-22T09:58:49+00:00","twitter_card":"summary_large_image","twitter_misc":{"Est. reading time":"2 minuuttia"},"schema":{"@context":"https:\/\/schema.org","@graph":[{"@type":"WebPage","@id":"https:\/\/deadlock.video\/fi\/deadlock-sights-generaattori\/","url":"https:\/\/deadlock.video\/fi\/deadlock-sights-generaattori\/","name":"DeadLock Sights - Generaattori &#8226; Deadlock.Video","isPartOf":{"@id":"https:\/\/deadlock.video\/fi\/#website"},"datePublished":"2024-10-22T09:42:12+00:00","dateModified":"2024-10-22T09:58:49+00:00","description":"T\u00e4\u00e4ll\u00e4 voit optimaalisesti m\u00e4\u00e4ritt\u00e4\u00e4 t\u00e4ht\u00e4imen Deadlockille, luoda ja asentaa sen konsolin kautta. Tee itsellesi paras Deadlock-t\u00e4ht\u00e4in.","breadcrumb":{"@id":"https:\/\/deadlock.video\/fi\/deadlock-sights-generaattori\/#breadcrumb"},"inLanguage":"fi","potentialAction":[{"@type":"ReadAction","target":["https:\/\/deadlock.video\/fi\/deadlock-sights-generaattori\/"]}]},{"@type":"BreadcrumbList","@id":"https:\/\/deadlock.video\/fi\/deadlock-sights-generaattori\/#breadcrumb","itemListElement":[{"@type":"ListItem","position":1,"name":"Home","item":"https:\/\/deadlock.video\/fi\/"},{"@type":"ListItem","position":2,"name":"DeadLock Sights &#8211; Generaattori"}]},{"@type":"WebSite","@id":"https:\/\/deadlock.video\/fi\/#website","url":"https:\/\/deadlock.video\/fi\/","name":"Deadlock.Video","description":"","potentialAction":[{"@type":"SearchAction","target":{"@type":"EntryPoint","urlTemplate":"https:\/\/deadlock.video\/fi\/?s={search_term_string}"},"query-input":{"@type":"PropertyValueSpecification","valueRequired":true,"valueName":"search_term_string"}}],"inLanguage":"fi"}]}},"uagb_featured_image_src":{"full":false,"thumbnail":false,"medium":false,"medium_large":false,"large":false,"1536x1536":false,"2048x2048":false,"ultp_layout_landscape_large":false,"ultp_layout_landscape":false,"ultp_layout_portrait":false,"ultp_layout_square":false},"uagb_author_info":{"display_name":"Svetlana Donmez","author_link":"https:\/\/deadlock.video\/fi\/author\/admin\/"},"uagb_comment_info":0,"uagb_excerpt":"Deadlockissa oikea hiusristikko voi vaikuttaa pelikokemukseesi. Hiusristill\u00e4 on ratkaiseva rooli t\u00e4ht\u00e4yksess\u00e4, tarkkuudessa ja yleisess\u00e4 taistelutehokkuudessa, mik\u00e4 tarjoaa pelaajille erilaisia \u200b\u200bvaihtoehtoja ampumatarkkuuden parantamiseksi.Read More","_links":{"self":[{"href":"https:\/\/deadlock.video\/fi\/wp-json\/wp\/v2\/pages\/14"}],"collection":[{"href":"https:\/\/deadlock.video\/fi\/wp-json\/wp\/v2\/pages"}],"about":[{"href":"https:\/\/deadlock.video\/fi\/wp-json\/wp\/v2\/types\/page"}],"author":[{"embeddable":true,"href":"https:\/\/deadlock.video\/fi\/wp-json\/wp\/v2\/users\/1"}],"replies":[{"embeddable":true,"href":"https:\/\/deadlock.video\/fi\/wp-json\/wp\/v2\/comments?post=14"}],"version-history":[{"count":4,"href":"https:\/\/deadlock.video\/fi\/wp-json\/wp\/v2\/pages\/14\/revisions"}],"predecessor-version":[{"id":20,"href":"https:\/\/deadlock.video\/fi\/wp-json\/wp\/v2\/pages\/14\/revisions\/20"}],"wp:attachment":[{"href":"https:\/\/deadlock.video\/fi\/wp-json\/wp\/v2\/media?parent=14"}],"curies":[{"name":"wp","href":"https:\/\/api.w.org\/{rel}","templated":true}]}}