{"id":37,"date":"2024-10-22T15:37:00","date_gmt":"2024-10-22T12:37:00","guid":{"rendered":"https:\/\/deadlock.video\/fi\/?page_id=37"},"modified":"2024-10-22T15:46:39","modified_gmt":"2024-10-22T12:46:39","slug":"kuinka-pelata-deadlockia","status":"publish","type":"page","link":"https:\/\/deadlock.video\/fi\/kuinka-pelata-deadlockia\/","title":{"rendered":"Kuinka pelata Deadlockia"},"content":{"rendered":"\n<p>Deadlock on Valven uusi projekti, joka yhdist\u00e4\u00e4 Dota 2, Valorantin ja Team Fortressin pelattavuuden.<\/p>\n\n\n\n<h2 class=\"wp-block-heading\" id=\"h-deadlockin-perusteet-aloittelijoille\">Deadlockin perusteet aloittelijoille<\/h2>\n\n\n\n<p>Deadlock on kolmannen persoonan MOBA-r\u00e4iskint\u00e4peli. Otteluun osallistuu kaksi 6 hengen joukkuetta. Kartan vastakkaisilla puolilla on vastustajien tukikohdat. Ottelun tavoitteena on tuhota p\u00e4\u00e4vihollisen robotti. Pohjat on yhdistetty nelj\u00e4ll\u00e4 viivalla, joita pitkin hiipivien aallot kulkevat s\u00e4\u00e4nn\u00f6llisesti.<\/p>\n\n\n<div class=\"wp-block-image\">\n<figure class=\"aligncenter\"><img decoding=\"async\" src=\"http:\/\/deadlock.video\/wp-content\/uploads\/sites\/2\/2024\/10\/basics_of_deadlock_1.jpg\" alt=\"how to play deadlock\" class=\"wp-image-46\"\/><\/figure><\/div>\n\n\n<p><\/p>\n\n\n\n<p>Alfatestauksen aikana k\u00e4ytt\u00e4jien k\u00e4ytett\u00e4viss\u00e4 on 21 sankaria. Jokaisella hahmolla on ainutlaatuiset kyvyt ja passiiviset taidot, mik\u00e4 tekee heist\u00e4 samanlaisia \u200b\u200bkuin Overwatch-toimihenkil\u00f6t.<\/p>\n\n\n<div class=\"wp-block-image\">\n<figure class=\"aligncenter\"><img decoding=\"async\" src=\"http:\/\/deadlock.video\/wp-content\/uploads\/sites\/2\/2024\/10\/basics_of_deadlock_2.jpg\" alt=\"deadlok unit sellect\" class=\"wp-image-46\"\/><\/figure><\/div>\n\n\n<p><\/p>\n\n\n\n<p>Pelaajat parantavat sankareitaan esineill\u00e4. Peliss\u00e4 on kolmenlaisia \u200b\u200besineit\u00e4:<\/p>\n\n\n\n<ul class=\"wp-block-list\">\n<li><strong>hy\u00f6kk\u00e4\u00e4minen <\/strong>&#8211; asevaurion vahvistus;<\/li>\n\n\n\n<li><strong>mystinen <\/strong>&#8211; kykyjen parantaminen;<\/li>\n\n\n\n<li><strong>suojaava <\/strong>&#8211; lis\u00e4\u00e4 eloonj\u00e4\u00e4misprosenttia.<\/li>\n<\/ul>\n\n\n\n<p>Jokaiselle tuotetyypille on k\u00e4ytett\u00e4viss\u00e4 4 varastotilaa. Toiset 4 yleismaailmallista paikkaa avataan vihollisen tornien tuhoamisen j\u00e4lkeen.<\/p>\n\n\n\n<p>Sieluille on ostettava esineit\u00e4 &#8211; kullan analogia Dota 2:sta. Sieluja annetaan hiipivien ja sankareiden tappamiseen. Voit my\u00f6s saada sieluja liittolaisten hiipivien tappamisesta.<\/p>\n\n\n\n<p>Deadlock-kutsut l\u00e4hetet\u00e4\u00e4n pelaajille, jotka jo osallistuvat projektin pelitestaukseen. Jokainen k\u00e4ytt\u00e4j\u00e4 voi l\u00e4hett\u00e4\u00e4 rajoittamattoman m\u00e4\u00e4r\u00e4n kutsuja. Siksi, jos pelaajalla ei ole yst\u00e4vi\u00e4, jotka ovat saaneet kutsun Deadlockiin, voit pyyt\u00e4\u00e4 kutsua teemakohtaisissa Steam-yhteis\u00f6iss\u00e4 tai Discord-palvelimissa. Yleens\u00e4 pelaajat menev\u00e4t tapaamaan toisiaan.<\/p>\n\n\n<div class=\"wp-block-image\">\n<figure class=\"aligncenter\"><img decoding=\"async\" src=\"http:\/\/deadlock.video\/wp-content\/uploads\/sites\/2\/2024\/10\/basics_of_deadlock_3.jpg\" alt=\"deadlock how to send invite\" class=\"wp-image-46\"\/><\/figure><\/div>\n\n\n<p><\/p>\n\n\n\n<p>Deadlockin huippu verkossa on ylitt\u00e4nyt 170 000 pelaajaa ilmaisten kutsujen ansiosta. Pelaajia verkossa on keskim\u00e4\u00e4rin 70 000\u2013100 000.<\/p>\n\n\n\n<h2 class=\"wp-block-heading\" id=\"h-kuinka-ladata-deadlock\">Kuinka ladata Deadlock<\/h2>\n\n\n\n<p>Saatuaan kutsun 2 tunnin sis\u00e4ll\u00e4 Valve lis\u00e4\u00e4 pelin pelaajan kirjastoon. K\u00e4ytt\u00e4j\u00e4 voi ladata pelin Steamista. K\u00e4ytetyn muistin m\u00e4\u00e4r\u00e4 on 25 Gt.<\/p>\n\n\n\n<h2 class=\"wp-block-heading\" id=\"h-kuinka-pelata-ympari-vuorokauden\">Kuinka pelata ymp\u00e4ri vuorokauden<\/h2>\n\n\n\n<p>Yleisen pelitestauksen k\u00e4ynnist\u00e4misen j\u00e4lkeen voit pelata Deadlockia vain tiettyin\u00e4 aikoina p\u00e4iv\u00e4st\u00e4. K\u00e4ytett\u00e4viss\u00e4 oleva aika riippui palvelimesta. Konsolin komentojen avulla k\u00e4ytt\u00e4j\u00e4t vaihtoivat palvelimia ja pelasivat ymp\u00e4ri vuorokauden. Kaikki tiet\u00e4v\u00e4t, ett\u00e4 palvelimen vaihtaminen vaikuttaa negatiivisesti pingiin. Korkea ping antaa pienen viiveen, joka ampujassa vaikuttaa suoraan ampumiseen ja ottelun tulokseen.<\/p>\n\n\n\n<p>Valve julkaisi suuren p\u00e4ivityksen 13. syyskuuta 2024, jossa se poisti aikarajoitukset. Nyt voit pelata Deadlockia 24\/7 mill\u00e4 tahansa palvelimella.<\/p>\n\n\n","protected":false},"excerpt":{"rendered":"<p>Deadlock on Valven uusi projekti, joka yhdist\u00e4\u00e4 Dota 2, Valorantin ja Team Fortressin pelattavuuden. Deadlockin perusteet aloittelijoille Deadlock on kolmannen persoonan MOBA-r\u00e4iskint\u00e4peli.<\/p>\n<p class=\"link-more\"><a class=\"myButt \" href=\"https:\/\/deadlock.video\/fi\/kuinka-pelata-deadlockia\/\">Read More<\/a><\/p>\n","protected":false},"author":1,"featured_media":0,"parent":0,"menu_order":0,"comment_status":"closed","ping_status":"closed","template":"","meta":{"_uag_custom_page_level_css":"","footnotes":""},"class_list":["post-37","page","type-page","status-publish","hentry"],"yoast_head":"<!-- This site is optimized with the Yoast SEO Premium plugin v22.8 (Yoast SEO v23.9) - https:\/\/yoast.com\/wordpress\/plugins\/seo\/ -->\n<title>Deadlock-pelin pelaaminen: opas, vinkkej\u00e4 ja strategioita<\/title>\n<meta name=\"description\" content=\"Opi pelaamaan Deadlockia kattavalla oppaallamme, joka sopii sek\u00e4 aloittelijoille ett\u00e4 kokeneille pelaajille. L\u00f6yd\u00e4 vinkit, strategiat ja salaisuudet pelin hallitsemiseksi ja ala voittaa jo t\u00e4n\u00e4\u00e4n!\" \/>\n<meta name=\"robots\" content=\"index, follow, max-snippet:-1, max-image-preview:large, max-video-preview:-1\" \/>\n<link rel=\"canonical\" href=\"https:\/\/deadlock.video\/fi\/kuinka-pelata-deadlockia\/\" \/>\n<meta property=\"og:locale\" content=\"fi_FI\" \/>\n<meta property=\"og:type\" content=\"article\" \/>\n<meta property=\"og:title\" content=\"Kuinka pelata Deadlockia\" \/>\n<meta property=\"og:description\" content=\"Opi pelaamaan Deadlockia kattavalla oppaallamme, joka sopii sek\u00e4 aloittelijoille ett\u00e4 kokeneille pelaajille. L\u00f6yd\u00e4 vinkit, strategiat ja salaisuudet pelin hallitsemiseksi ja ala voittaa jo t\u00e4n\u00e4\u00e4n!\" \/>\n<meta property=\"og:url\" content=\"https:\/\/deadlock.video\/fi\/kuinka-pelata-deadlockia\/\" \/>\n<meta property=\"og:site_name\" content=\"Deadlock.Video\" \/>\n<meta property=\"article:modified_time\" content=\"2024-10-22T12:46:39+00:00\" \/>\n<meta property=\"og:image\" content=\"http:\/\/deadlock.video\/wp-content\/uploads\/sites\/2\/2024\/10\/basics_of_deadlock_1.jpg\" \/>\n<meta name=\"twitter:card\" content=\"summary_large_image\" \/>\n<meta name=\"twitter:label1\" content=\"Est. reading time\" \/>\n\t<meta name=\"twitter:data1\" content=\"3 minuuttia\" \/>\n<script type=\"application\/ld+json\" class=\"yoast-schema-graph\">{\"@context\":\"https:\/\/schema.org\",\"@graph\":[{\"@type\":\"WebPage\",\"@id\":\"https:\/\/deadlock.video\/fi\/kuinka-pelata-deadlockia\/\",\"url\":\"https:\/\/deadlock.video\/fi\/kuinka-pelata-deadlockia\/\",\"name\":\"Deadlock-pelin pelaaminen: opas, vinkkej\u00e4 ja strategioita\",\"isPartOf\":{\"@id\":\"https:\/\/deadlock.video\/fi\/#website\"},\"primaryImageOfPage\":{\"@id\":\"https:\/\/deadlock.video\/fi\/kuinka-pelata-deadlockia\/#primaryimage\"},\"image\":{\"@id\":\"https:\/\/deadlock.video\/fi\/kuinka-pelata-deadlockia\/#primaryimage\"},\"thumbnailUrl\":\"http:\/\/deadlock.video\/wp-content\/uploads\/sites\/2\/2024\/10\/basics_of_deadlock_1.jpg\",\"datePublished\":\"2024-10-22T12:37:00+00:00\",\"dateModified\":\"2024-10-22T12:46:39+00:00\",\"description\":\"Opi pelaamaan Deadlockia kattavalla oppaallamme, joka sopii sek\u00e4 aloittelijoille ett\u00e4 kokeneille pelaajille. L\u00f6yd\u00e4 vinkit, strategiat ja salaisuudet pelin hallitsemiseksi ja ala voittaa jo t\u00e4n\u00e4\u00e4n!\",\"breadcrumb\":{\"@id\":\"https:\/\/deadlock.video\/fi\/kuinka-pelata-deadlockia\/#breadcrumb\"},\"inLanguage\":\"fi\",\"potentialAction\":[{\"@type\":\"ReadAction\",\"target\":[\"https:\/\/deadlock.video\/fi\/kuinka-pelata-deadlockia\/\"]}]},{\"@type\":\"ImageObject\",\"inLanguage\":\"fi\",\"@id\":\"https:\/\/deadlock.video\/fi\/kuinka-pelata-deadlockia\/#primaryimage\",\"url\":\"http:\/\/deadlock.video\/wp-content\/uploads\/sites\/2\/2024\/10\/basics_of_deadlock_1.jpg\",\"contentUrl\":\"http:\/\/deadlock.video\/wp-content\/uploads\/sites\/2\/2024\/10\/basics_of_deadlock_1.jpg\"},{\"@type\":\"BreadcrumbList\",\"@id\":\"https:\/\/deadlock.video\/fi\/kuinka-pelata-deadlockia\/#breadcrumb\",\"itemListElement\":[{\"@type\":\"ListItem\",\"position\":1,\"name\":\"Home\",\"item\":\"https:\/\/deadlock.video\/fi\/\"},{\"@type\":\"ListItem\",\"position\":2,\"name\":\"Kuinka pelata Deadlockia\"}]},{\"@type\":\"WebSite\",\"@id\":\"https:\/\/deadlock.video\/fi\/#website\",\"url\":\"https:\/\/deadlock.video\/fi\/\",\"name\":\"Deadlock.Video\",\"description\":\"\",\"potentialAction\":[{\"@type\":\"SearchAction\",\"target\":{\"@type\":\"EntryPoint\",\"urlTemplate\":\"https:\/\/deadlock.video\/fi\/?s={search_term_string}\"},\"query-input\":{\"@type\":\"PropertyValueSpecification\",\"valueRequired\":true,\"valueName\":\"search_term_string\"}}],\"inLanguage\":\"fi\"}]}<\/script>\n<!-- \/ Yoast SEO Premium plugin. -->","yoast_head_json":{"title":"Deadlock-pelin pelaaminen: opas, vinkkej\u00e4 ja strategioita","description":"Opi pelaamaan Deadlockia kattavalla oppaallamme, joka sopii sek\u00e4 aloittelijoille ett\u00e4 kokeneille pelaajille. L\u00f6yd\u00e4 vinkit, strategiat ja salaisuudet pelin hallitsemiseksi ja ala voittaa jo t\u00e4n\u00e4\u00e4n!","robots":{"index":"index","follow":"follow","max-snippet":"max-snippet:-1","max-image-preview":"max-image-preview:large","max-video-preview":"max-video-preview:-1"},"canonical":"https:\/\/deadlock.video\/fi\/kuinka-pelata-deadlockia\/","og_locale":"fi_FI","og_type":"article","og_title":"Kuinka pelata Deadlockia","og_description":"Opi pelaamaan Deadlockia kattavalla oppaallamme, joka sopii sek\u00e4 aloittelijoille ett\u00e4 kokeneille pelaajille. L\u00f6yd\u00e4 vinkit, strategiat ja salaisuudet pelin hallitsemiseksi ja ala voittaa jo t\u00e4n\u00e4\u00e4n!","og_url":"https:\/\/deadlock.video\/fi\/kuinka-pelata-deadlockia\/","og_site_name":"Deadlock.Video","article_modified_time":"2024-10-22T12:46:39+00:00","og_image":[{"url":"http:\/\/deadlock.video\/wp-content\/uploads\/sites\/2\/2024\/10\/basics_of_deadlock_1.jpg"}],"twitter_card":"summary_large_image","twitter_misc":{"Est. reading time":"3 minuuttia"},"schema":{"@context":"https:\/\/schema.org","@graph":[{"@type":"WebPage","@id":"https:\/\/deadlock.video\/fi\/kuinka-pelata-deadlockia\/","url":"https:\/\/deadlock.video\/fi\/kuinka-pelata-deadlockia\/","name":"Deadlock-pelin pelaaminen: opas, vinkkej\u00e4 ja strategioita","isPartOf":{"@id":"https:\/\/deadlock.video\/fi\/#website"},"primaryImageOfPage":{"@id":"https:\/\/deadlock.video\/fi\/kuinka-pelata-deadlockia\/#primaryimage"},"image":{"@id":"https:\/\/deadlock.video\/fi\/kuinka-pelata-deadlockia\/#primaryimage"},"thumbnailUrl":"http:\/\/deadlock.video\/wp-content\/uploads\/sites\/2\/2024\/10\/basics_of_deadlock_1.jpg","datePublished":"2024-10-22T12:37:00+00:00","dateModified":"2024-10-22T12:46:39+00:00","description":"Opi pelaamaan Deadlockia kattavalla oppaallamme, joka sopii sek\u00e4 aloittelijoille ett\u00e4 kokeneille pelaajille. L\u00f6yd\u00e4 vinkit, strategiat ja salaisuudet pelin hallitsemiseksi ja ala voittaa jo t\u00e4n\u00e4\u00e4n!","breadcrumb":{"@id":"https:\/\/deadlock.video\/fi\/kuinka-pelata-deadlockia\/#breadcrumb"},"inLanguage":"fi","potentialAction":[{"@type":"ReadAction","target":["https:\/\/deadlock.video\/fi\/kuinka-pelata-deadlockia\/"]}]},{"@type":"ImageObject","inLanguage":"fi","@id":"https:\/\/deadlock.video\/fi\/kuinka-pelata-deadlockia\/#primaryimage","url":"http:\/\/deadlock.video\/wp-content\/uploads\/sites\/2\/2024\/10\/basics_of_deadlock_1.jpg","contentUrl":"http:\/\/deadlock.video\/wp-content\/uploads\/sites\/2\/2024\/10\/basics_of_deadlock_1.jpg"},{"@type":"BreadcrumbList","@id":"https:\/\/deadlock.video\/fi\/kuinka-pelata-deadlockia\/#breadcrumb","itemListElement":[{"@type":"ListItem","position":1,"name":"Home","item":"https:\/\/deadlock.video\/fi\/"},{"@type":"ListItem","position":2,"name":"Kuinka pelata Deadlockia"}]},{"@type":"WebSite","@id":"https:\/\/deadlock.video\/fi\/#website","url":"https:\/\/deadlock.video\/fi\/","name":"Deadlock.Video","description":"","potentialAction":[{"@type":"SearchAction","target":{"@type":"EntryPoint","urlTemplate":"https:\/\/deadlock.video\/fi\/?s={search_term_string}"},"query-input":{"@type":"PropertyValueSpecification","valueRequired":true,"valueName":"search_term_string"}}],"inLanguage":"fi"}]}},"uagb_featured_image_src":{"full":false,"thumbnail":false,"medium":false,"medium_large":false,"large":false,"1536x1536":false,"2048x2048":false,"ultp_layout_landscape_large":false,"ultp_layout_landscape":false,"ultp_layout_portrait":false,"ultp_layout_square":false},"uagb_author_info":{"display_name":"Svetlana Donmez","author_link":"https:\/\/deadlock.video\/fi\/author\/admin\/"},"uagb_comment_info":0,"uagb_excerpt":"Deadlock on Valven uusi projekti, joka yhdist\u00e4\u00e4 Dota 2, Valorantin ja Team Fortressin pelattavuuden. Deadlockin perusteet aloittelijoille Deadlock on kolmannen persoonan MOBA-r\u00e4iskint\u00e4peli.Read More","_links":{"self":[{"href":"https:\/\/deadlock.video\/fi\/wp-json\/wp\/v2\/pages\/37"}],"collection":[{"href":"https:\/\/deadlock.video\/fi\/wp-json\/wp\/v2\/pages"}],"about":[{"href":"https:\/\/deadlock.video\/fi\/wp-json\/wp\/v2\/types\/page"}],"author":[{"embeddable":true,"href":"https:\/\/deadlock.video\/fi\/wp-json\/wp\/v2\/users\/1"}],"replies":[{"embeddable":true,"href":"https:\/\/deadlock.video\/fi\/wp-json\/wp\/v2\/comments?post=37"}],"version-history":[{"count":3,"href":"https:\/\/deadlock.video\/fi\/wp-json\/wp\/v2\/pages\/37\/revisions"}],"predecessor-version":[{"id":44,"href":"https:\/\/deadlock.video\/fi\/wp-json\/wp\/v2\/pages\/37\/revisions\/44"}],"wp:attachment":[{"href":"https:\/\/deadlock.video\/fi\/wp-json\/wp\/v2\/media?parent=37"}],"curies":[{"name":"wp","href":"https:\/\/api.w.org\/{rel}","templated":true}]}}