{"id":46,"date":"2024-10-22T16:52:39","date_gmt":"2024-10-22T13:52:39","guid":{"rendered":"https:\/\/deadlock.video\/fi\/?page_id=46"},"modified":"2024-10-22T16:54:06","modified_gmt":"2024-10-22T13:54:06","slug":"deadlock-pelin-jarjestelmavaatimukset","status":"publish","type":"page","link":"https:\/\/deadlock.video\/fi\/deadlock-pelin-jarjestelmavaatimukset\/","title":{"rendered":"DeadLock-pelin j\u00e4rjestelm\u00e4vaatimukset"},"content":{"rendered":"\n<div class=\"wp-block-uagb-container uagb-block-2b67d8ac alignfull uagb-is-root-container\"><div class=\"uagb-container-inner-blocks-wrap\">\n<div class=\"wp-block-uagb-container uagb-block-09fd2cff\">\n<p class=\"has-medium-font-size\"><strong>Deadlock on reaaliaikainen strategiapeli, joka vaatii tiettyj\u00e4 laitteistoresursseja toimiakseen kunnolla. T\u00e4ss\u00e4 artikkelissa tarkastelemme yksityiskohtaisesti mukavan pelin v\u00e4himm\u00e4is- ja suositeltuja j\u00e4rjestelm\u00e4vaatimuksia.<\/strong><\/p>\n<\/div>\n\n\n\n<div class=\"wp-block-uagb-image uagb-block-311a4395 wp-block-uagb-image--layout-default wp-block-uagb-image--effect-static wp-block-uagb-image--align-none\"><figure class=\"wp-block-uagb-image__figure\"><img decoding=\"async\" srcset=\"https:\/\/deadlock.video\/ru\/wp-content\/uploads\/sites\/2\/2024\/10\/new-1024x684.jpg ,https:\/\/deadlock.video\/ru\/wp-content\/uploads\/sites\/2\/2024\/10\/new.jpg 780w, https:\/\/deadlock.video\/ru\/wp-content\/uploads\/sites\/2\/2024\/10\/new.jpg 360w\" sizes=\"(max-width: 480px) 150px\" src=\"https:\/\/deadlock.video\/ru\/wp-content\/uploads\/sites\/2\/2024\/10\/new-1024x684.jpg\" alt=\"\" class=\"uag-image-385\" width=\"415\" height=\"34\" title=\"new\" loading=\"lazy\" role=\"img\"\/><\/figure><\/div>\n<\/div><\/div>\n\n\n\n<hr class=\"wp-block-separator has-alpha-channel-opacity\"\/>\n\n\n\n<h3 class=\"wp-block-heading\" id=\"h-1-jarjestelman-vahimmaisvaatimukset\">1. <strong>J\u00e4rjestelm\u00e4n v\u00e4himm\u00e4isvaatimukset<\/strong><\/h3>\n\n\n\n<p>J\u00e4rjestelm\u00e4n v\u00e4himm\u00e4isvaatimukset ovat perusparametreja, joiden avulla voit ajaa peli\u00e4 tietokoneellasi. N\u00e4m\u00e4 asetukset eiv\u00e4t kuitenkaan takaa korkeaa suorituskyky\u00e4 ja grafiikkaa, mutta peli toimii vakaasti.<\/p>\n\n\n\n<figure class=\"wp-block-table is-style-stripes has-medium-font-size\"><table class=\"has-fixed-layout\"><thead><tr><th>Komponentti<\/th><th>Suositellut vaatimukset<\/th><\/tr><\/thead><tbody><tr><td>k\u00e4ytt\u00f6j\u00e4rjestelm\u00e4<\/td><td>Windows 7\/8\/10 (64-bittinen)<\/td><\/tr><tr><td>CPU<\/td><td>Intel Core i3-2100 tai vastaava<\/td><\/tr><tr><td>RAM<\/td><td>4 Gt RAM-muistia<\/td><\/tr><tr><td>N\u00e4yt\u00f6nohjain<\/td><td>NVIDIA GTX 650 \/ AMD Radeon HD 7770 tai vastaava (DirectX 11 tuettu)<\/td><\/tr><tr><td>Levytila<\/td><td>10 Gt vapaata tilaa<\/td><\/tr><tr><td>DirectX<\/td><td>Versio 11<\/td><\/tr><\/tbody><\/table><\/figure>\n\n\n\n<h3 class=\"wp-block-heading\" id=\"h-2-suositellut-jarjestelmavaatimukset\">2. <strong>Suositellut j\u00e4rjestelm\u00e4vaatimukset<\/strong><\/h3>\n\n\n\n<p>Suositellut vaatimukset antavat mahdollisuuden pelata korkeammalla suorituskyvyll\u00e4, maksimaalisilla grafiikka-asetuksilla ja ilman merkitt\u00e4vi\u00e4 viiveit\u00e4.<\/p>\n\n\n\n<figure class=\"wp-block-table is-style-stripes has-medium-font-size\"><table class=\"has-fixed-layout\"><thead><tr><th>Komponentti<\/th><th>Suositellut vaatimukset<\/th><\/tr><\/thead><tbody><tr><td>k\u00e4ytt\u00f6j\u00e4rjestelm\u00e4<\/td><td>Windows 10 (64-bittinen)<\/td><\/tr><tr><td>CPU<\/td><td>Intel Core i5-6600K tai AMD Ryzen 5 2600<\/td><\/tr><tr><td>RAM<\/td><td>8 Gt RAM-muistia<\/td><\/tr><tr><td>N\u00e4yt\u00f6nohjain<\/td><td>NVIDIA GTX 1060 \/ AMD RX 580 tai uudempi<\/td><\/tr><tr><td>Levytila<\/td><td>25 Gt vapaata tilaa<\/td><\/tr><tr><td>DirectX<\/td><td>Versio 12<\/td><\/tr><\/tbody><\/table><\/figure>\n\n\n\n<h3 class=\"wp-block-heading\" id=\"h-3-lisasuosituksia\">3. <strong>Lis\u00e4suosituksia<\/strong><\/h3>\n\n\n\n<p>Jotta peli olisi mukavampi, sinun tulee ottaa huomioon my\u00f6s useita lis\u00e4tekij\u00f6it\u00e4:<\/p>\n\n\n\n<ul class=\"wp-block-list\">\n<li>Verkkoyhteys: Jos aiot pelata moninpeli\u00e4, suosittelemme vakaata Internet-yhteytt\u00e4, jonka nopeus on v\u00e4hint\u00e4\u00e4n 10 Mbps.<\/li>\n\n\n\n<li>\u00c4\u00e4nikortti: Tukee DirectX-yhteensopivia \u00e4\u00e4nilaitteita.<\/li>\n\n\n\n<li>Oheislaitteet: Hiiri ja n\u00e4pp\u00e4imist\u00f6 (ohjaukseen) tai ohjain (riippuen pelaajan mieltymyksist\u00e4).<\/li>\n\n\n\n<li>Laitteen muisti: Muista, ett\u00e4 Steamista ladattaessa peli pyyt\u00e4\u00e4 25 Gt levytilaa, mik\u00e4 on yll\u00e4tt\u00e4v\u00e4\u00e4 &#8211; kehitt\u00e4j\u00e4t sanoivat k\u00e4ytt\u00e4neens\u00e4 soittotestien suorittamiseen &#8221;mit\u00e4 on saatavilla&#8221;. On huomattava, ett\u00e4 monet tekstuurit ja resurssit eiv\u00e4t ole valmiita. Odotamme, ett\u00e4 grafiikka paranee julkaisun my\u00f6t\u00e4, ja Deadlock vie enemm\u00e4n pelitilaa. Mutta on selv\u00e4\u00e4, ett\u00e4 graafiset parannukset lis\u00e4\u00e4v\u00e4t teknisi\u00e4 vaatimuksia, eiv\u00e4tk\u00e4 pelaajat, joilla on heikko PC, pysty pelaamaan vakaalla FPS:ll\u00e4.<\/li>\n\n\n\n<li>Steam Deck: Steam Deck kannattaa korostaa erikseen. Pystyin ajamaan peli\u00e4 Valven konsolilla, mutta rehellisesti sanottuna se oli ep\u00e4mukavaa pelata. Kehitt\u00e4j\u00e4t lupaavat optimoida projektin omaa konsoliaan varten, mutta t\u00e4m\u00e4 ei ole ensisijainen teht\u00e4v\u00e4.<\/li>\n<\/ul>\n\n\n\n<p><\/p>\n","protected":false},"excerpt":{"rendered":"<p>Deadlock on reaaliaikainen strategiapeli, joka vaatii tiettyj\u00e4 laitteistoresursseja toimiakseen kunnolla. T\u00e4ss\u00e4 artikkelissa tarkastelemme yksityiskohtaisesti mukavan pelin v\u00e4himm\u00e4is- ja suositeltuja j\u00e4rjestelm\u00e4vaatimuksia. 1. J\u00e4rjestelm\u00e4n<\/p>\n<p class=\"link-more\"><a class=\"myButt \" href=\"https:\/\/deadlock.video\/fi\/deadlock-pelin-jarjestelmavaatimukset\/\">Read More<\/a><\/p>\n","protected":false},"author":1,"featured_media":49,"parent":0,"menu_order":0,"comment_status":"closed","ping_status":"closed","template":"","meta":{"_uag_custom_page_level_css":"","footnotes":""},"class_list":["post-46","page","type-page","status-publish","has-post-thumbnail","hentry"],"yoast_head":"<!-- This site is optimized with the Yoast SEO Premium plugin v22.8 (Yoast SEO v23.9) - https:\/\/yoast.com\/wordpress\/plugins\/seo\/ -->\n<title>DeadLock-pelin j\u00e4rjestelm\u00e4vaatimukset &#8226; Deadlock.Video<\/title>\n<meta name=\"description\" content=\"Selvit\u00e4 Deadlockin v\u00e4himm\u00e4is- ja suositellut j\u00e4rjestelm\u00e4vaatimukset. Yksityiskohtaiset tiedot prosessorin, n\u00e4yt\u00f6nohjaimen, RAM-muistin ja levytilan parametreista mukavaan peliin.\" \/>\n<meta name=\"robots\" content=\"index, follow, max-snippet:-1, max-image-preview:large, max-video-preview:-1\" \/>\n<link rel=\"canonical\" href=\"https:\/\/deadlock.video\/fi\/deadlock-pelin-jarjestelmavaatimukset\/\" \/>\n<meta property=\"og:locale\" content=\"fi_FI\" \/>\n<meta property=\"og:type\" content=\"article\" \/>\n<meta property=\"og:title\" content=\"DeadLock-pelin j\u00e4rjestelm\u00e4vaatimukset\" \/>\n<meta property=\"og:description\" content=\"Selvit\u00e4 Deadlockin v\u00e4himm\u00e4is- ja suositellut j\u00e4rjestelm\u00e4vaatimukset. Yksityiskohtaiset tiedot prosessorin, n\u00e4yt\u00f6nohjaimen, RAM-muistin ja levytilan parametreista mukavaan peliin.\" \/>\n<meta property=\"og:url\" content=\"https:\/\/deadlock.video\/fi\/deadlock-pelin-jarjestelmavaatimukset\/\" \/>\n<meta property=\"og:site_name\" content=\"Deadlock.Video\" \/>\n<meta property=\"article:modified_time\" content=\"2024-10-22T13:54:06+00:00\" \/>\n<meta property=\"og:image\" content=\"https:\/\/deadlock.video\/fi\/wp-content\/uploads\/sites\/5\/2024\/10\/new-jpg.webp\" \/>\n\t<meta property=\"og:image:width\" content=\"1200\" \/>\n\t<meta property=\"og:image:height\" content=\"801\" \/>\n\t<meta property=\"og:image:type\" content=\"image\/jpeg\" \/>\n<meta name=\"twitter:card\" content=\"summary_large_image\" \/>\n<meta name=\"twitter:label1\" content=\"Est. reading time\" \/>\n\t<meta name=\"twitter:data1\" content=\"2 minuuttia\" \/>\n<script type=\"application\/ld+json\" class=\"yoast-schema-graph\">{\"@context\":\"https:\/\/schema.org\",\"@graph\":[{\"@type\":\"WebPage\",\"@id\":\"https:\/\/deadlock.video\/fi\/deadlock-pelin-jarjestelmavaatimukset\/\",\"url\":\"https:\/\/deadlock.video\/fi\/deadlock-pelin-jarjestelmavaatimukset\/\",\"name\":\"DeadLock-pelin j\u00e4rjestelm\u00e4vaatimukset &#8226; Deadlock.Video\",\"isPartOf\":{\"@id\":\"https:\/\/deadlock.video\/fi\/#website\"},\"primaryImageOfPage\":{\"@id\":\"https:\/\/deadlock.video\/fi\/deadlock-pelin-jarjestelmavaatimukset\/#primaryimage\"},\"image\":{\"@id\":\"https:\/\/deadlock.video\/fi\/deadlock-pelin-jarjestelmavaatimukset\/#primaryimage\"},\"thumbnailUrl\":\"https:\/\/deadlock.video\/fi\/wp-content\/uploads\/sites\/5\/2024\/10\/new-jpg.webp\",\"datePublished\":\"2024-10-22T13:52:39+00:00\",\"dateModified\":\"2024-10-22T13:54:06+00:00\",\"description\":\"Selvit\u00e4 Deadlockin v\u00e4himm\u00e4is- ja suositellut j\u00e4rjestelm\u00e4vaatimukset. Yksityiskohtaiset tiedot prosessorin, n\u00e4yt\u00f6nohjaimen, RAM-muistin ja levytilan parametreista mukavaan peliin.\",\"breadcrumb\":{\"@id\":\"https:\/\/deadlock.video\/fi\/deadlock-pelin-jarjestelmavaatimukset\/#breadcrumb\"},\"inLanguage\":\"fi\",\"potentialAction\":[{\"@type\":\"ReadAction\",\"target\":[\"https:\/\/deadlock.video\/fi\/deadlock-pelin-jarjestelmavaatimukset\/\"]}]},{\"@type\":\"ImageObject\",\"inLanguage\":\"fi\",\"@id\":\"https:\/\/deadlock.video\/fi\/deadlock-pelin-jarjestelmavaatimukset\/#primaryimage\",\"url\":\"https:\/\/deadlock.video\/fi\/wp-content\/uploads\/sites\/5\/2024\/10\/new-jpg.webp\",\"contentUrl\":\"https:\/\/deadlock.video\/fi\/wp-content\/uploads\/sites\/5\/2024\/10\/new-jpg.webp\",\"width\":1200,\"height\":801},{\"@type\":\"BreadcrumbList\",\"@id\":\"https:\/\/deadlock.video\/fi\/deadlock-pelin-jarjestelmavaatimukset\/#breadcrumb\",\"itemListElement\":[{\"@type\":\"ListItem\",\"position\":1,\"name\":\"Home\",\"item\":\"https:\/\/deadlock.video\/fi\/\"},{\"@type\":\"ListItem\",\"position\":2,\"name\":\"DeadLock-pelin j\u00e4rjestelm\u00e4vaatimukset\"}]},{\"@type\":\"WebSite\",\"@id\":\"https:\/\/deadlock.video\/fi\/#website\",\"url\":\"https:\/\/deadlock.video\/fi\/\",\"name\":\"Deadlock.Video\",\"description\":\"\",\"potentialAction\":[{\"@type\":\"SearchAction\",\"target\":{\"@type\":\"EntryPoint\",\"urlTemplate\":\"https:\/\/deadlock.video\/fi\/?s={search_term_string}\"},\"query-input\":{\"@type\":\"PropertyValueSpecification\",\"valueRequired\":true,\"valueName\":\"search_term_string\"}}],\"inLanguage\":\"fi\"}]}<\/script>\n<!-- \/ Yoast SEO Premium plugin. -->","yoast_head_json":{"title":"DeadLock-pelin j\u00e4rjestelm\u00e4vaatimukset &#8226; Deadlock.Video","description":"Selvit\u00e4 Deadlockin v\u00e4himm\u00e4is- ja suositellut j\u00e4rjestelm\u00e4vaatimukset. Yksityiskohtaiset tiedot prosessorin, n\u00e4yt\u00f6nohjaimen, RAM-muistin ja levytilan parametreista mukavaan peliin.","robots":{"index":"index","follow":"follow","max-snippet":"max-snippet:-1","max-image-preview":"max-image-preview:large","max-video-preview":"max-video-preview:-1"},"canonical":"https:\/\/deadlock.video\/fi\/deadlock-pelin-jarjestelmavaatimukset\/","og_locale":"fi_FI","og_type":"article","og_title":"DeadLock-pelin j\u00e4rjestelm\u00e4vaatimukset","og_description":"Selvit\u00e4 Deadlockin v\u00e4himm\u00e4is- ja suositellut j\u00e4rjestelm\u00e4vaatimukset. Yksityiskohtaiset tiedot prosessorin, n\u00e4yt\u00f6nohjaimen, RAM-muistin ja levytilan parametreista mukavaan peliin.","og_url":"https:\/\/deadlock.video\/fi\/deadlock-pelin-jarjestelmavaatimukset\/","og_site_name":"Deadlock.Video","article_modified_time":"2024-10-22T13:54:06+00:00","og_image":[{"width":1200,"height":801,"url":"https:\/\/deadlock.video\/fi\/wp-content\/uploads\/sites\/5\/2024\/10\/new-jpg.webp","type":"image\/jpeg"}],"twitter_card":"summary_large_image","twitter_misc":{"Est. reading time":"2 minuuttia"},"schema":{"@context":"https:\/\/schema.org","@graph":[{"@type":"WebPage","@id":"https:\/\/deadlock.video\/fi\/deadlock-pelin-jarjestelmavaatimukset\/","url":"https:\/\/deadlock.video\/fi\/deadlock-pelin-jarjestelmavaatimukset\/","name":"DeadLock-pelin j\u00e4rjestelm\u00e4vaatimukset &#8226; Deadlock.Video","isPartOf":{"@id":"https:\/\/deadlock.video\/fi\/#website"},"primaryImageOfPage":{"@id":"https:\/\/deadlock.video\/fi\/deadlock-pelin-jarjestelmavaatimukset\/#primaryimage"},"image":{"@id":"https:\/\/deadlock.video\/fi\/deadlock-pelin-jarjestelmavaatimukset\/#primaryimage"},"thumbnailUrl":"https:\/\/deadlock.video\/fi\/wp-content\/uploads\/sites\/5\/2024\/10\/new-jpg.webp","datePublished":"2024-10-22T13:52:39+00:00","dateModified":"2024-10-22T13:54:06+00:00","description":"Selvit\u00e4 Deadlockin v\u00e4himm\u00e4is- ja suositellut j\u00e4rjestelm\u00e4vaatimukset. Yksityiskohtaiset tiedot prosessorin, n\u00e4yt\u00f6nohjaimen, RAM-muistin ja levytilan parametreista mukavaan peliin.","breadcrumb":{"@id":"https:\/\/deadlock.video\/fi\/deadlock-pelin-jarjestelmavaatimukset\/#breadcrumb"},"inLanguage":"fi","potentialAction":[{"@type":"ReadAction","target":["https:\/\/deadlock.video\/fi\/deadlock-pelin-jarjestelmavaatimukset\/"]}]},{"@type":"ImageObject","inLanguage":"fi","@id":"https:\/\/deadlock.video\/fi\/deadlock-pelin-jarjestelmavaatimukset\/#primaryimage","url":"https:\/\/deadlock.video\/fi\/wp-content\/uploads\/sites\/5\/2024\/10\/new-jpg.webp","contentUrl":"https:\/\/deadlock.video\/fi\/wp-content\/uploads\/sites\/5\/2024\/10\/new-jpg.webp","width":1200,"height":801},{"@type":"BreadcrumbList","@id":"https:\/\/deadlock.video\/fi\/deadlock-pelin-jarjestelmavaatimukset\/#breadcrumb","itemListElement":[{"@type":"ListItem","position":1,"name":"Home","item":"https:\/\/deadlock.video\/fi\/"},{"@type":"ListItem","position":2,"name":"DeadLock-pelin j\u00e4rjestelm\u00e4vaatimukset"}]},{"@type":"WebSite","@id":"https:\/\/deadlock.video\/fi\/#website","url":"https:\/\/deadlock.video\/fi\/","name":"Deadlock.Video","description":"","potentialAction":[{"@type":"SearchAction","target":{"@type":"EntryPoint","urlTemplate":"https:\/\/deadlock.video\/fi\/?s={search_term_string}"},"query-input":{"@type":"PropertyValueSpecification","valueRequired":true,"valueName":"search_term_string"}}],"inLanguage":"fi"}]}},"uagb_featured_image_src":{"full":["https:\/\/deadlock.video\/fi\/wp-content\/uploads\/sites\/5\/2024\/10\/new-jpg.webp",1200,801,false],"thumbnail":["https:\/\/deadlock.video\/fi\/wp-content\/uploads\/sites\/5\/2024\/10\/new-150x150.webp",150,150,true],"medium":["https:\/\/deadlock.video\/fi\/wp-content\/uploads\/sites\/5\/2024\/10\/new-300x200.webp",300,200,true],"medium_large":["https:\/\/deadlock.video\/fi\/wp-content\/uploads\/sites\/5\/2024\/10\/new-768x513.webp",640,428,true],"large":["https:\/\/deadlock.video\/fi\/wp-content\/uploads\/sites\/5\/2024\/10\/new-1024x684.webp",640,428,true],"1536x1536":["https:\/\/deadlock.video\/fi\/wp-content\/uploads\/sites\/5\/2024\/10\/new-jpg.webp",1200,801,false],"2048x2048":["https:\/\/deadlock.video\/fi\/wp-content\/uploads\/sites\/5\/2024\/10\/new-jpg.webp",1200,801,false],"ultp_layout_landscape_large":["https:\/\/deadlock.video\/fi\/wp-content\/uploads\/sites\/5\/2024\/10\/new-jpg.webp",1199,800,false],"ultp_layout_landscape":["https:\/\/deadlock.video\/fi\/wp-content\/uploads\/sites\/5\/2024\/10\/new-870x570.webp",870,570,true],"ultp_layout_portrait":["https:\/\/deadlock.video\/fi\/wp-content\/uploads\/sites\/5\/2024\/10\/new-600x801.webp",600,801,true],"ultp_layout_square":["https:\/\/deadlock.video\/fi\/wp-content\/uploads\/sites\/5\/2024\/10\/new-600x600.webp",600,600,true]},"uagb_author_info":{"display_name":"Svetlana Donmez","author_link":"https:\/\/deadlock.video\/fi\/author\/admin\/"},"uagb_comment_info":0,"uagb_excerpt":"Deadlock on reaaliaikainen strategiapeli, joka vaatii tiettyj\u00e4 laitteistoresursseja toimiakseen kunnolla. T\u00e4ss\u00e4 artikkelissa tarkastelemme yksityiskohtaisesti mukavan pelin v\u00e4himm\u00e4is- ja suositeltuja j\u00e4rjestelm\u00e4vaatimuksia. 1. J\u00e4rjestelm\u00e4nRead More","_links":{"self":[{"href":"https:\/\/deadlock.video\/fi\/wp-json\/wp\/v2\/pages\/46"}],"collection":[{"href":"https:\/\/deadlock.video\/fi\/wp-json\/wp\/v2\/pages"}],"about":[{"href":"https:\/\/deadlock.video\/fi\/wp-json\/wp\/v2\/types\/page"}],"author":[{"embeddable":true,"href":"https:\/\/deadlock.video\/fi\/wp-json\/wp\/v2\/users\/1"}],"replies":[{"embeddable":true,"href":"https:\/\/deadlock.video\/fi\/wp-json\/wp\/v2\/comments?post=46"}],"version-history":[{"count":1,"href":"https:\/\/deadlock.video\/fi\/wp-json\/wp\/v2\/pages\/46\/revisions"}],"predecessor-version":[{"id":47,"href":"https:\/\/deadlock.video\/fi\/wp-json\/wp\/v2\/pages\/46\/revisions\/47"}],"wp:featuredmedia":[{"embeddable":true,"href":"https:\/\/deadlock.video\/fi\/wp-json\/wp\/v2\/media\/49"}],"wp:attachment":[{"href":"https:\/\/deadlock.video\/fi\/wp-json\/wp\/v2\/media?parent=46"}],"curies":[{"name":"wp","href":"https:\/\/api.w.org\/{rel}","templated":true}]}}