{"id":48,"date":"2024-10-22T16:59:43","date_gmt":"2024-10-22T13:59:43","guid":{"rendered":"https:\/\/deadlock.video\/fi\/?page_id=48"},"modified":"2024-10-22T16:59:44","modified_gmt":"2024-10-22T13:59:44","slug":"deadlock-invite-kuinka-saada-kutsu","status":"publish","type":"page","link":"https:\/\/deadlock.video\/fi\/deadlock-invite-kuinka-saada-kutsu\/","title":{"rendered":"Deadlock Invite \u2013 Kuinka saada kutsu"},"content":{"rendered":"\n<p>Kutsut ovat t\u00e4rke\u00e4 osa moninpeli\u00e4, eik\u00e4 Deadlock ole poikkeus. T\u00e4m\u00e4n pelin kutsuj\u00e4rjestelm\u00e4n avulla pelaajat voivat j\u00e4rjest\u00e4\u00e4 yhteisi\u00e4 taisteluita, kutsua yst\u00e4vi\u00e4 ja koota joukkueita suorittamaan vaikeita teht\u00e4vi\u00e4. T\u00e4ss\u00e4 artikkelissa tarkastellaan l\u00e4hemmin sit\u00e4, kuinka kutsut toimivat Deadlockissa, kuinka ne l\u00e4hetet\u00e4\u00e4n, ja annamme vinkkej\u00e4 niiden k\u00e4ytt\u00e4miseen parhaan mahdollisen mukavuuden saavuttamiseksi.<\/p>\n\n\n\n<h3 class=\"wp-block-heading\" id=\"h-mika-on-kutsu-deadlockiin\"><strong>Mik\u00e4 on kutsu Deadlockiin?<\/strong><\/h3>\n\n\n\n<p>Luulen, ett\u00e4 kaikki Dota2-fanit odottavat innolla Deadlockin julkaisua Valvelta, uudesta projektista, josta ensimm\u00e4iset tiedot ilmestyiv\u00e4t vuonna 2022. Kolmannen persoonan r\u00e4iskint\u00e4peliss\u00e4 yhdistyv\u00e4t Dota 2:n, Valorantin ja Team Fortress 2:n mekaniikka. Ottelussa on mukana 2 6 hengen joukkuetta. P\u00e4\u00e4teht\u00e4v\u00e4n\u00e4 on tuhota vihollinen &#8221;Throne&#8221;, joka sijaitsee kartan vastakkaisella puolella vastustajan tukikohdassa.<\/p>\n\n\n\n<p>Kiireen ilahduttaa, ett\u00e4 jo syyskuussa 2024 projekti on testauksessa, johon k\u00e4ytt\u00e4j\u00e4t osallistuvat kutsusta. Kerron sinulle, kuinka p\u00e4\u00e4set Deadlockiin ja kutsun yst\u00e4vi\u00e4.<\/p>\n\n\n\n<h2 class=\"wp-block-heading\" id=\"h-kuinka-saada-kutsu-deadlockiin\">Kuinka saada kutsu Deadlockiin<\/h2>\n\n\n\n<p>Valve k\u00e4ynnisti Deadlockin avoimen pelitestauksen 24. elokuuta 2024. Streamerit saivat luvan l\u00e4hett\u00e4\u00e4 pelin suoratoistoalustoilla, ja p\u00e4\u00e4sy testaukseen on avoin kaikille genren faneille.<\/p>\n\n\n\n<p>Kutsut l\u00e4hett\u00e4v\u00e4t pelaajat, jotka ovat jo saaneet Deadlock-p\u00e4\u00e4syn. Jokainen k\u00e4ytt\u00e4j\u00e4 voi kutsua rajattoman m\u00e4\u00e4r\u00e4n yst\u00e4vi\u00e4 &#8211; online Deadlock kasvaa jatkuvasti. Viikko julkisen testauksen j\u00e4lkeen pelin nettihuippum\u00e4\u00e4r\u00e4 oli yli 100 000 ihmist\u00e4.<\/p>\n\n\n\n<p>Erityisen yritteli\u00e4\u00e4t k\u00e4ytt\u00e4j\u00e4t myyv\u00e4t kutsuja kaupank\u00e4yntialustoilla. Kutsun hinta on p\u00e4\u00e4s\u00e4\u00e4nt\u00f6isesti enint\u00e4\u00e4n 1 dollari.<\/p>\n\n\n<div class=\"wp-block-image is-style-default\">\n<figure class=\"aligncenter\"><img decoding=\"async\" src=\"https:\/\/deadlock.video\/ru\/wp-content\/uploads\/sites\/2\/2024\/10\/how_to_get_access_to_deadlock_2.jpg\" alt=\"\u043f\u0440\u0438\u0433\u043b\u0430\u0441\u0438\u0442\u044c \u0434\u0440\u0443\u0437\u0435\u0439 \u0432 deadlock\" class=\"wp-image-25\"\/><\/figure><\/div>\n\n\n<p>Pelaajat, joilla ei ole Deadlockin yst\u00e4vi\u00e4, \u00e4lk\u00e4\u00e4 lannistuko. Voit pyyt\u00e4\u00e4 kutsua teemakohtaisissa Steam-yhteis\u00f6iss\u00e4 ja Discord-palvelimilla. Saadaksesi kutsun, sinun on lis\u00e4tt\u00e4v\u00e4 henkil\u00f6 yst\u00e4v\u00e4ksi Steamiin.<\/p>\n\n\n\n<p>Kutsu Steamiin Deadlockiin saapuu muutaman tunnin sis\u00e4ll\u00e4. Sain kutsun tunnissa, mutta jotkut pelaajat valittavat, ett\u00e4 kutsu saapuu 2 p\u00e4iv\u00e4n kuluttua.<\/p>\n\n\n\n<p>Kutsun hyv\u00e4ksymisen j\u00e4lkeen peli lis\u00e4t\u00e4\u00e4n Steam-kirjastoon ja k\u00e4ytt\u00e4j\u00e4 voi ladata Deadlockin PC:lle.<\/p>\n\n\n\n<h2 class=\"wp-block-heading\" id=\"h-kuinka-kutsua-ystava-umpikujaan\">Kuinka kutsua yst\u00e4v\u00e4 umpikujaan<\/h2>\n\n\n\n<p>Jos saat kutsun Deadlockiin, voit kutsua yst\u00e4v\u00e4si mukaan peliin. Voit tehd\u00e4 t\u00e4m\u00e4n k\u00e4ytt\u00e4m\u00e4ll\u00e4 kutsujen l\u00e4hetystoimintoa suoraan pelin p\u00e4\u00e4valikosta. N\u00e4yt\u00f6n oikeassa alakulmassa on Invite Friends -painike, joka on korostettu kirkkaalla turkoosilla, aivan matchmaking-tilan ja Discord-kutsujen alapuolella. Kun napsautat t\u00e4t\u00e4 painiketta, avautuu ikkuna, jossa on luettelo yst\u00e4vist\u00e4si. Kutsuaksesi jonkun heist\u00e4, vie hiiri nimen p\u00e4\u00e4lle ja valitse sopiva vaihtoehto.<\/p>\n\n\n<div class=\"wp-block-image is-style-default\">\n<figure class=\"aligncenter size-full\"><img decoding=\"async\" src=\"https:\/\/deadlock.video\/ru\/wp-content\/uploads\/sites\/2\/2024\/10\/image-2.png\" alt=\"\" class=\"wp-image-419\" title=\"\u043a\u0430\u043a \u043f\u0440\u0438\u0433\u043b\u0430\u0441\u0438\u0442\u044c \u0434\u0440\u0443\u0433\u0430 \u0432 Deadlock\"\/><\/figure><\/div>\n\n\n<h3 class=\"wp-block-heading\" id=\"h-perustapoja-saada-kutsu\"><strong>Perustapoja saada kutsu<\/strong><\/h3>\n\n\n\n<p>Deadlock-kutsuja voidaan toimittaa useiden kanavien kautta. T\u00e4ss\u00e4 ovat t\u00e4rkeimm\u00e4t:<\/p>\n\n\n\n<ul class=\"wp-block-list\">\n<li><strong>Viralliset kutsut kehitt\u00e4jilt\u00e4:<\/strong> L\u00e4hetet\u00e4\u00e4n yleens\u00e4 aktiivisille pelaajille tai betatestaajille.<\/li>\n\n\n\n<li><strong>Kutsut yst\u00e4vilt\u00e4:<\/strong> Voit vastaanottaa kutsun toiselta pelaajalta Steamin kautta, jolla on jo p\u00e4\u00e4sy peliin.<\/li>\n\n\n\n<li><strong>Kutsujen jakaminen alustoilla:<\/strong> Joskus kutsut jaetaan sosiaalisten verkostojen tai pelialustojen, kuten Steamin, kautta.<\/li>\n<\/ul>\n\n\n\n<p>Kutsun saaminen Deadlock-peliin edellytt\u00e4\u00e4 kehitt\u00e4jien uutisten huomioimista ja aktiivisuutta yhteis\u00f6iss\u00e4, kuten Steamiss\u00e4 tai sosiaalisissa verkostoissa. Noudattamalla n\u00e4it\u00e4 vaiheita lis\u00e4\u00e4t mahdollisuuksiasi p\u00e4\u00e4st\u00e4 peliin ennakkoon p\u00e4\u00e4syn tai suljettujen testien kautta. Advanced Responsive<\/p>\n\n\n","protected":false},"excerpt":{"rendered":"<p>Kutsut ovat t\u00e4rke\u00e4 osa moninpeli\u00e4, eik\u00e4 Deadlock ole poikkeus. T\u00e4m\u00e4n pelin kutsuj\u00e4rjestelm\u00e4n avulla pelaajat voivat j\u00e4rjest\u00e4\u00e4 yhteisi\u00e4 taisteluita, kutsua yst\u00e4vi\u00e4 ja koota<\/p>\n<p class=\"link-more\"><a class=\"myButt \" href=\"https:\/\/deadlock.video\/fi\/deadlock-invite-kuinka-saada-kutsu\/\">Read More<\/a><\/p>\n","protected":false},"author":1,"featured_media":0,"parent":0,"menu_order":0,"comment_status":"closed","ping_status":"closed","template":"","meta":{"_uag_custom_page_level_css":"","footnotes":""},"class_list":["post-48","page","type-page","status-publish","hentry"],"yoast_head":"<!-- This site is optimized with the Yoast SEO Premium plugin v22.8 (Yoast SEO v23.9) - https:\/\/yoast.com\/wordpress\/plugins\/seo\/ -->\n<title>Deadlock Invite \u2013 Kuinka saada kutsu &#8226; Deadlock.Video<\/title>\n<meta name=\"description\" content=\"Katso, kuinka saada kutsu pelata Deadlockia. Yksityiskohtainen opas eri tavoista saada kutsuja: yst\u00e4vien, sosiaalisten verkostojen, virallisten lahjoitusten ja pelialustojen kautta.\" \/>\n<meta name=\"robots\" content=\"index, follow, max-snippet:-1, max-image-preview:large, max-video-preview:-1\" \/>\n<link rel=\"canonical\" href=\"https:\/\/deadlock.video\/fi\/deadlock-invite-kuinka-saada-kutsu\/\" \/>\n<meta property=\"og:locale\" content=\"fi_FI\" \/>\n<meta property=\"og:type\" content=\"article\" \/>\n<meta property=\"og:title\" content=\"Deadlock Invite \u2013 Kuinka saada kutsu\" \/>\n<meta property=\"og:description\" content=\"Katso, kuinka saada kutsu pelata Deadlockia. Yksityiskohtainen opas eri tavoista saada kutsuja: yst\u00e4vien, sosiaalisten verkostojen, virallisten lahjoitusten ja pelialustojen kautta.\" \/>\n<meta property=\"og:url\" content=\"https:\/\/deadlock.video\/fi\/deadlock-invite-kuinka-saada-kutsu\/\" \/>\n<meta property=\"og:site_name\" content=\"Deadlock.Video\" \/>\n<meta property=\"article:modified_time\" content=\"2024-10-22T13:59:44+00:00\" \/>\n<meta property=\"og:image\" content=\"https:\/\/deadlock.video\/ru\/wp-content\/uploads\/sites\/2\/2024\/10\/how_to_get_access_to_deadlock_2.jpg\" \/>\n<meta name=\"twitter:card\" content=\"summary_large_image\" \/>\n<meta name=\"twitter:label1\" content=\"Est. reading time\" \/>\n\t<meta name=\"twitter:data1\" content=\"3 minuuttia\" \/>\n<script type=\"application\/ld+json\" class=\"yoast-schema-graph\">{\"@context\":\"https:\/\/schema.org\",\"@graph\":[{\"@type\":\"WebPage\",\"@id\":\"https:\/\/deadlock.video\/fi\/deadlock-invite-kuinka-saada-kutsu\/\",\"url\":\"https:\/\/deadlock.video\/fi\/deadlock-invite-kuinka-saada-kutsu\/\",\"name\":\"Deadlock Invite \u2013 Kuinka saada kutsu &#8226; Deadlock.Video\",\"isPartOf\":{\"@id\":\"https:\/\/deadlock.video\/fi\/#website\"},\"primaryImageOfPage\":{\"@id\":\"https:\/\/deadlock.video\/fi\/deadlock-invite-kuinka-saada-kutsu\/#primaryimage\"},\"image\":{\"@id\":\"https:\/\/deadlock.video\/fi\/deadlock-invite-kuinka-saada-kutsu\/#primaryimage\"},\"thumbnailUrl\":\"https:\/\/deadlock.video\/ru\/wp-content\/uploads\/sites\/2\/2024\/10\/how_to_get_access_to_deadlock_2.jpg\",\"datePublished\":\"2024-10-22T13:59:43+00:00\",\"dateModified\":\"2024-10-22T13:59:44+00:00\",\"description\":\"Katso, kuinka saada kutsu pelata Deadlockia. Yksityiskohtainen opas eri tavoista saada kutsuja: yst\u00e4vien, sosiaalisten verkostojen, virallisten lahjoitusten ja pelialustojen kautta.\",\"breadcrumb\":{\"@id\":\"https:\/\/deadlock.video\/fi\/deadlock-invite-kuinka-saada-kutsu\/#breadcrumb\"},\"inLanguage\":\"fi\",\"potentialAction\":[{\"@type\":\"ReadAction\",\"target\":[\"https:\/\/deadlock.video\/fi\/deadlock-invite-kuinka-saada-kutsu\/\"]}]},{\"@type\":\"ImageObject\",\"inLanguage\":\"fi\",\"@id\":\"https:\/\/deadlock.video\/fi\/deadlock-invite-kuinka-saada-kutsu\/#primaryimage\",\"url\":\"https:\/\/deadlock.video\/ru\/wp-content\/uploads\/sites\/2\/2024\/10\/how_to_get_access_to_deadlock_2.jpg\",\"contentUrl\":\"https:\/\/deadlock.video\/ru\/wp-content\/uploads\/sites\/2\/2024\/10\/how_to_get_access_to_deadlock_2.jpg\"},{\"@type\":\"BreadcrumbList\",\"@id\":\"https:\/\/deadlock.video\/fi\/deadlock-invite-kuinka-saada-kutsu\/#breadcrumb\",\"itemListElement\":[{\"@type\":\"ListItem\",\"position\":1,\"name\":\"Home\",\"item\":\"https:\/\/deadlock.video\/fi\/\"},{\"@type\":\"ListItem\",\"position\":2,\"name\":\"Deadlock Invite \u2013 Kuinka saada kutsu\"}]},{\"@type\":\"WebSite\",\"@id\":\"https:\/\/deadlock.video\/fi\/#website\",\"url\":\"https:\/\/deadlock.video\/fi\/\",\"name\":\"Deadlock.Video\",\"description\":\"\",\"potentialAction\":[{\"@type\":\"SearchAction\",\"target\":{\"@type\":\"EntryPoint\",\"urlTemplate\":\"https:\/\/deadlock.video\/fi\/?s={search_term_string}\"},\"query-input\":{\"@type\":\"PropertyValueSpecification\",\"valueRequired\":true,\"valueName\":\"search_term_string\"}}],\"inLanguage\":\"fi\"}]}<\/script>\n<!-- \/ Yoast SEO Premium plugin. -->","yoast_head_json":{"title":"Deadlock Invite \u2013 Kuinka saada kutsu &#8226; Deadlock.Video","description":"Katso, kuinka saada kutsu pelata Deadlockia. Yksityiskohtainen opas eri tavoista saada kutsuja: yst\u00e4vien, sosiaalisten verkostojen, virallisten lahjoitusten ja pelialustojen kautta.","robots":{"index":"index","follow":"follow","max-snippet":"max-snippet:-1","max-image-preview":"max-image-preview:large","max-video-preview":"max-video-preview:-1"},"canonical":"https:\/\/deadlock.video\/fi\/deadlock-invite-kuinka-saada-kutsu\/","og_locale":"fi_FI","og_type":"article","og_title":"Deadlock Invite \u2013 Kuinka saada kutsu","og_description":"Katso, kuinka saada kutsu pelata Deadlockia. Yksityiskohtainen opas eri tavoista saada kutsuja: yst\u00e4vien, sosiaalisten verkostojen, virallisten lahjoitusten ja pelialustojen kautta.","og_url":"https:\/\/deadlock.video\/fi\/deadlock-invite-kuinka-saada-kutsu\/","og_site_name":"Deadlock.Video","article_modified_time":"2024-10-22T13:59:44+00:00","og_image":[{"url":"https:\/\/deadlock.video\/ru\/wp-content\/uploads\/sites\/2\/2024\/10\/how_to_get_access_to_deadlock_2.jpg"}],"twitter_card":"summary_large_image","twitter_misc":{"Est. reading time":"3 minuuttia"},"schema":{"@context":"https:\/\/schema.org","@graph":[{"@type":"WebPage","@id":"https:\/\/deadlock.video\/fi\/deadlock-invite-kuinka-saada-kutsu\/","url":"https:\/\/deadlock.video\/fi\/deadlock-invite-kuinka-saada-kutsu\/","name":"Deadlock Invite \u2013 Kuinka saada kutsu &#8226; Deadlock.Video","isPartOf":{"@id":"https:\/\/deadlock.video\/fi\/#website"},"primaryImageOfPage":{"@id":"https:\/\/deadlock.video\/fi\/deadlock-invite-kuinka-saada-kutsu\/#primaryimage"},"image":{"@id":"https:\/\/deadlock.video\/fi\/deadlock-invite-kuinka-saada-kutsu\/#primaryimage"},"thumbnailUrl":"https:\/\/deadlock.video\/ru\/wp-content\/uploads\/sites\/2\/2024\/10\/how_to_get_access_to_deadlock_2.jpg","datePublished":"2024-10-22T13:59:43+00:00","dateModified":"2024-10-22T13:59:44+00:00","description":"Katso, kuinka saada kutsu pelata Deadlockia. Yksityiskohtainen opas eri tavoista saada kutsuja: yst\u00e4vien, sosiaalisten verkostojen, virallisten lahjoitusten ja pelialustojen kautta.","breadcrumb":{"@id":"https:\/\/deadlock.video\/fi\/deadlock-invite-kuinka-saada-kutsu\/#breadcrumb"},"inLanguage":"fi","potentialAction":[{"@type":"ReadAction","target":["https:\/\/deadlock.video\/fi\/deadlock-invite-kuinka-saada-kutsu\/"]}]},{"@type":"ImageObject","inLanguage":"fi","@id":"https:\/\/deadlock.video\/fi\/deadlock-invite-kuinka-saada-kutsu\/#primaryimage","url":"https:\/\/deadlock.video\/ru\/wp-content\/uploads\/sites\/2\/2024\/10\/how_to_get_access_to_deadlock_2.jpg","contentUrl":"https:\/\/deadlock.video\/ru\/wp-content\/uploads\/sites\/2\/2024\/10\/how_to_get_access_to_deadlock_2.jpg"},{"@type":"BreadcrumbList","@id":"https:\/\/deadlock.video\/fi\/deadlock-invite-kuinka-saada-kutsu\/#breadcrumb","itemListElement":[{"@type":"ListItem","position":1,"name":"Home","item":"https:\/\/deadlock.video\/fi\/"},{"@type":"ListItem","position":2,"name":"Deadlock Invite \u2013 Kuinka saada kutsu"}]},{"@type":"WebSite","@id":"https:\/\/deadlock.video\/fi\/#website","url":"https:\/\/deadlock.video\/fi\/","name":"Deadlock.Video","description":"","potentialAction":[{"@type":"SearchAction","target":{"@type":"EntryPoint","urlTemplate":"https:\/\/deadlock.video\/fi\/?s={search_term_string}"},"query-input":{"@type":"PropertyValueSpecification","valueRequired":true,"valueName":"search_term_string"}}],"inLanguage":"fi"}]}},"uagb_featured_image_src":{"full":false,"thumbnail":false,"medium":false,"medium_large":false,"large":false,"1536x1536":false,"2048x2048":false,"ultp_layout_landscape_large":false,"ultp_layout_landscape":false,"ultp_layout_portrait":false,"ultp_layout_square":false},"uagb_author_info":{"display_name":"Svetlana Donmez","author_link":"https:\/\/deadlock.video\/fi\/author\/admin\/"},"uagb_comment_info":0,"uagb_excerpt":"Kutsut ovat t\u00e4rke\u00e4 osa moninpeli\u00e4, eik\u00e4 Deadlock ole poikkeus. T\u00e4m\u00e4n pelin kutsuj\u00e4rjestelm\u00e4n avulla pelaajat voivat j\u00e4rjest\u00e4\u00e4 yhteisi\u00e4 taisteluita, kutsua yst\u00e4vi\u00e4 ja kootaRead More","_links":{"self":[{"href":"https:\/\/deadlock.video\/fi\/wp-json\/wp\/v2\/pages\/48"}],"collection":[{"href":"https:\/\/deadlock.video\/fi\/wp-json\/wp\/v2\/pages"}],"about":[{"href":"https:\/\/deadlock.video\/fi\/wp-json\/wp\/v2\/types\/page"}],"author":[{"embeddable":true,"href":"https:\/\/deadlock.video\/fi\/wp-json\/wp\/v2\/users\/1"}],"replies":[{"embeddable":true,"href":"https:\/\/deadlock.video\/fi\/wp-json\/wp\/v2\/comments?post=48"}],"version-history":[{"count":1,"href":"https:\/\/deadlock.video\/fi\/wp-json\/wp\/v2\/pages\/48\/revisions"}],"predecessor-version":[{"id":50,"href":"https:\/\/deadlock.video\/fi\/wp-json\/wp\/v2\/pages\/48\/revisions\/50"}],"wp:attachment":[{"href":"https:\/\/deadlock.video\/fi\/wp-json\/wp\/v2\/media?parent=48"}],"curies":[{"name":"wp","href":"https:\/\/api.w.org\/{rel}","templated":true}]}}