{"id":51,"date":"2024-10-22T17:06:18","date_gmt":"2024-10-22T14:06:18","guid":{"rendered":"https:\/\/deadlock.video\/fi\/?page_id=51"},"modified":"2024-10-22T17:06:18","modified_gmt":"2024-10-22T14:06:18","slug":"milloin-deadlockin-julkaisupaiva-on","status":"publish","type":"page","link":"https:\/\/deadlock.video\/fi\/milloin-deadlockin-julkaisupaiva-on\/","title":{"rendered":"Milloin Deadlockin julkaisup\u00e4iv\u00e4 on?"},"content":{"rendered":"\n<p>Tervehdys kaikille Valve-tuotteiden faneille. T\u00e4n\u00e4\u00e4n haluan kertoa teille kauden odotetuimmasta pelist\u00e4 &#8211; Deadlockista.<\/p>\n\n\n\n<p>Deadlock-peli on sekoitus Dota 2:ta ja Valorantia. MOBA-genren tuntevat k\u00e4ytt\u00e4j\u00e4t eiv\u00e4t l\u00f6yd\u00e4 mit\u00e4\u00e4n uutta.<\/p>\n\n\n\n<p>Joten ottelussa on mukana 2 joukkuetta, pelaajien on tuhottava vihollisen tukikohta, jota vartioivat puolustusmoduulit. Joukkueen tukikohdat on yhdistetty nelj\u00e4ll\u00e4 viivalla. Ennen ottelun aloittamista pelaaja valitsee hahmon, jolla on ainutlaatuiset taidot, kuten Dota 2:ssa, mutta pelin kannalta Deadlock on kolmannen persoonan r\u00e4iskint\u00e4peli.<\/p>\n\n\n\n<h2 class=\"wp-block-heading\" id=\"h-deadlockin-julkaisupaiva\">Deadlockin julkaisup\u00e4iv\u00e4<\/h2>\n\n\n\n<p>Steamin Deadlockilla ei ole viel\u00e4k\u00e4\u00e4n virallista julkaisup\u00e4iv\u00e4\u00e4. Valve k\u00e4ynnisti kuitenkin julkisen pelitestin 24. elokuuta, johon p\u00e4\u00e4see osallistuvien pelaajien kutsusta.<\/p>\n\n\n<div class=\"wp-block-image\">\n<figure class=\"aligncenter\"><img decoding=\"async\" src=\"http:\/\/deadlock.video\/wp-content\/uploads\/sites\/2\/2024\/10\/deadlock_release_date_1.jpg\" alt=\"deadlock release\" class=\"wp-image-26\"\/><\/figure><\/div>\n\n\n<p>Luulen, ett\u00e4 yhteis\u00f6ss\u00e4 kaikki tiet\u00e4v\u00e4t jo, ett\u00e4 Valve julkaisee moninpeliprojektit ensin julkiseen betaversioon. Esimerkiksi Dota 2:n betatesti k\u00e4ynnistettiin The Internationalin j\u00e4lkeen vuonna 2011. Pelin virallinen julkaisup\u00e4iv\u00e4 on kuitenkin 9. hein\u00e4kuuta 2013.<\/p>\n\n\n\n<p>En olisi yll\u00e4ttynyt n\u00e4hdess\u00e4ni Valve&#8217;s Deadlockin virallisen julkaisun 2-3 vuotta sen j\u00e4lkeen, kun p\u00e4\u00e4sy on avattu kaikille.<\/p>\n\n\n\n<h2 class=\"wp-block-heading\" id=\"h-kuinka-pelata-deadlockia-nyt\">Kuinka pelata Deadlockia nyt<\/h2>\n\n\n\n<p>Kutsuja l\u00e4hett\u00e4v\u00e4t k\u00e4ytt\u00e4j\u00e4t, jotka ovat p\u00e4\u00e4sseet peliin. Jos Deadlockilla ei ole yst\u00e4vi\u00e4, voit saada kutsuja Steam-ryhmiss\u00e4 ja Discord-teemalla palvelimissa.<\/p>\n\n\n<div class=\"wp-block-image\">\n<figure class=\"aligncenter\"><img decoding=\"async\" src=\"http:\/\/deadlock.video\/wp-content\/uploads\/sites\/2\/2024\/10\/deadlock_release_date_2.jpg\" alt=\"deadlock invite friends\" class=\"wp-image-26\"\/><\/figure><\/div>\n\n\n<p>A player can send an unlimited number of invitations. The invitation arrives within a few hours, after which the user can download the game from Steam on PC.<\/p>\n\n\n\n<p>As of September 2024, Deadlock&#8217;s peak online has surpassed 100,000 players.<\/p>\n","protected":false},"excerpt":{"rendered":"<p>Tervehdys kaikille Valve-tuotteiden faneille. T\u00e4n\u00e4\u00e4n haluan kertoa teille kauden odotetuimmasta pelist\u00e4 &#8211; Deadlockista. Deadlock-peli on sekoitus Dota 2:ta ja Valorantia. MOBA-genren tuntevat<\/p>\n<p class=\"link-more\"><a class=\"myButt \" href=\"https:\/\/deadlock.video\/fi\/milloin-deadlockin-julkaisupaiva-on\/\">Read More<\/a><\/p>\n","protected":false},"author":1,"featured_media":0,"parent":0,"menu_order":0,"comment_status":"closed","ping_status":"closed","template":"","meta":{"_uag_custom_page_level_css":"","footnotes":""},"class_list":["post-51","page","type-page","status-publish","hentry"],"yoast_head":"<!-- This site is optimized with the Yoast SEO Premium plugin v22.8 (Yoast SEO v23.9) - https:\/\/yoast.com\/wordpress\/plugins\/seo\/ -->\n<title>Milloin Deadlockin julkaisup\u00e4iv\u00e4 on? &#8226; Deadlock.Video<\/title>\n<meta name=\"description\" content=\"Kun Deadlock julkaistaan, pelin julkaisup\u00e4iv\u00e4. Kuinka saada kutsu peliin testausvaiheessa.\" \/>\n<meta name=\"robots\" content=\"index, follow, max-snippet:-1, max-image-preview:large, max-video-preview:-1\" \/>\n<link rel=\"canonical\" href=\"https:\/\/deadlock.video\/fi\/milloin-deadlockin-julkaisupaiva-on\/\" \/>\n<meta property=\"og:locale\" content=\"fi_FI\" \/>\n<meta property=\"og:type\" content=\"article\" \/>\n<meta property=\"og:title\" content=\"Milloin Deadlockin julkaisup\u00e4iv\u00e4 on?\" \/>\n<meta property=\"og:description\" content=\"Kun Deadlock julkaistaan, pelin julkaisup\u00e4iv\u00e4. Kuinka saada kutsu peliin testausvaiheessa.\" \/>\n<meta property=\"og:url\" content=\"https:\/\/deadlock.video\/fi\/milloin-deadlockin-julkaisupaiva-on\/\" \/>\n<meta property=\"og:site_name\" content=\"Deadlock.Video\" \/>\n<meta property=\"og:image\" content=\"http:\/\/deadlock.video\/wp-content\/uploads\/sites\/2\/2024\/10\/deadlock_release_date_1.jpg\" \/>\n<meta name=\"twitter:card\" content=\"summary_large_image\" \/>\n<meta name=\"twitter:label1\" content=\"Est. reading time\" \/>\n\t<meta name=\"twitter:data1\" content=\"2 minuuttia\" \/>\n<script type=\"application\/ld+json\" class=\"yoast-schema-graph\">{\"@context\":\"https:\/\/schema.org\",\"@graph\":[{\"@type\":\"WebPage\",\"@id\":\"https:\/\/deadlock.video\/fi\/milloin-deadlockin-julkaisupaiva-on\/\",\"url\":\"https:\/\/deadlock.video\/fi\/milloin-deadlockin-julkaisupaiva-on\/\",\"name\":\"Milloin Deadlockin julkaisup\u00e4iv\u00e4 on? &#8226; Deadlock.Video\",\"isPartOf\":{\"@id\":\"https:\/\/deadlock.video\/fi\/#website\"},\"primaryImageOfPage\":{\"@id\":\"https:\/\/deadlock.video\/fi\/milloin-deadlockin-julkaisupaiva-on\/#primaryimage\"},\"image\":{\"@id\":\"https:\/\/deadlock.video\/fi\/milloin-deadlockin-julkaisupaiva-on\/#primaryimage\"},\"thumbnailUrl\":\"http:\/\/deadlock.video\/wp-content\/uploads\/sites\/2\/2024\/10\/deadlock_release_date_1.jpg\",\"datePublished\":\"2024-10-22T14:06:18+00:00\",\"dateModified\":\"2024-10-22T14:06:18+00:00\",\"description\":\"Kun Deadlock julkaistaan, pelin julkaisup\u00e4iv\u00e4. Kuinka saada kutsu peliin testausvaiheessa.\",\"breadcrumb\":{\"@id\":\"https:\/\/deadlock.video\/fi\/milloin-deadlockin-julkaisupaiva-on\/#breadcrumb\"},\"inLanguage\":\"fi\",\"potentialAction\":[{\"@type\":\"ReadAction\",\"target\":[\"https:\/\/deadlock.video\/fi\/milloin-deadlockin-julkaisupaiva-on\/\"]}]},{\"@type\":\"ImageObject\",\"inLanguage\":\"fi\",\"@id\":\"https:\/\/deadlock.video\/fi\/milloin-deadlockin-julkaisupaiva-on\/#primaryimage\",\"url\":\"http:\/\/deadlock.video\/wp-content\/uploads\/sites\/2\/2024\/10\/deadlock_release_date_1.jpg\",\"contentUrl\":\"http:\/\/deadlock.video\/wp-content\/uploads\/sites\/2\/2024\/10\/deadlock_release_date_1.jpg\"},{\"@type\":\"BreadcrumbList\",\"@id\":\"https:\/\/deadlock.video\/fi\/milloin-deadlockin-julkaisupaiva-on\/#breadcrumb\",\"itemListElement\":[{\"@type\":\"ListItem\",\"position\":1,\"name\":\"Home\",\"item\":\"https:\/\/deadlock.video\/fi\/\"},{\"@type\":\"ListItem\",\"position\":2,\"name\":\"Milloin Deadlockin julkaisup\u00e4iv\u00e4 on?\"}]},{\"@type\":\"WebSite\",\"@id\":\"https:\/\/deadlock.video\/fi\/#website\",\"url\":\"https:\/\/deadlock.video\/fi\/\",\"name\":\"Deadlock.Video\",\"description\":\"\",\"potentialAction\":[{\"@type\":\"SearchAction\",\"target\":{\"@type\":\"EntryPoint\",\"urlTemplate\":\"https:\/\/deadlock.video\/fi\/?s={search_term_string}\"},\"query-input\":{\"@type\":\"PropertyValueSpecification\",\"valueRequired\":true,\"valueName\":\"search_term_string\"}}],\"inLanguage\":\"fi\"}]}<\/script>\n<!-- \/ Yoast SEO Premium plugin. -->","yoast_head_json":{"title":"Milloin Deadlockin julkaisup\u00e4iv\u00e4 on? &#8226; Deadlock.Video","description":"Kun Deadlock julkaistaan, pelin julkaisup\u00e4iv\u00e4. Kuinka saada kutsu peliin testausvaiheessa.","robots":{"index":"index","follow":"follow","max-snippet":"max-snippet:-1","max-image-preview":"max-image-preview:large","max-video-preview":"max-video-preview:-1"},"canonical":"https:\/\/deadlock.video\/fi\/milloin-deadlockin-julkaisupaiva-on\/","og_locale":"fi_FI","og_type":"article","og_title":"Milloin Deadlockin julkaisup\u00e4iv\u00e4 on?","og_description":"Kun Deadlock julkaistaan, pelin julkaisup\u00e4iv\u00e4. Kuinka saada kutsu peliin testausvaiheessa.","og_url":"https:\/\/deadlock.video\/fi\/milloin-deadlockin-julkaisupaiva-on\/","og_site_name":"Deadlock.Video","og_image":[{"url":"http:\/\/deadlock.video\/wp-content\/uploads\/sites\/2\/2024\/10\/deadlock_release_date_1.jpg"}],"twitter_card":"summary_large_image","twitter_misc":{"Est. reading time":"2 minuuttia"},"schema":{"@context":"https:\/\/schema.org","@graph":[{"@type":"WebPage","@id":"https:\/\/deadlock.video\/fi\/milloin-deadlockin-julkaisupaiva-on\/","url":"https:\/\/deadlock.video\/fi\/milloin-deadlockin-julkaisupaiva-on\/","name":"Milloin Deadlockin julkaisup\u00e4iv\u00e4 on? &#8226; Deadlock.Video","isPartOf":{"@id":"https:\/\/deadlock.video\/fi\/#website"},"primaryImageOfPage":{"@id":"https:\/\/deadlock.video\/fi\/milloin-deadlockin-julkaisupaiva-on\/#primaryimage"},"image":{"@id":"https:\/\/deadlock.video\/fi\/milloin-deadlockin-julkaisupaiva-on\/#primaryimage"},"thumbnailUrl":"http:\/\/deadlock.video\/wp-content\/uploads\/sites\/2\/2024\/10\/deadlock_release_date_1.jpg","datePublished":"2024-10-22T14:06:18+00:00","dateModified":"2024-10-22T14:06:18+00:00","description":"Kun Deadlock julkaistaan, pelin julkaisup\u00e4iv\u00e4. Kuinka saada kutsu peliin testausvaiheessa.","breadcrumb":{"@id":"https:\/\/deadlock.video\/fi\/milloin-deadlockin-julkaisupaiva-on\/#breadcrumb"},"inLanguage":"fi","potentialAction":[{"@type":"ReadAction","target":["https:\/\/deadlock.video\/fi\/milloin-deadlockin-julkaisupaiva-on\/"]}]},{"@type":"ImageObject","inLanguage":"fi","@id":"https:\/\/deadlock.video\/fi\/milloin-deadlockin-julkaisupaiva-on\/#primaryimage","url":"http:\/\/deadlock.video\/wp-content\/uploads\/sites\/2\/2024\/10\/deadlock_release_date_1.jpg","contentUrl":"http:\/\/deadlock.video\/wp-content\/uploads\/sites\/2\/2024\/10\/deadlock_release_date_1.jpg"},{"@type":"BreadcrumbList","@id":"https:\/\/deadlock.video\/fi\/milloin-deadlockin-julkaisupaiva-on\/#breadcrumb","itemListElement":[{"@type":"ListItem","position":1,"name":"Home","item":"https:\/\/deadlock.video\/fi\/"},{"@type":"ListItem","position":2,"name":"Milloin Deadlockin julkaisup\u00e4iv\u00e4 on?"}]},{"@type":"WebSite","@id":"https:\/\/deadlock.video\/fi\/#website","url":"https:\/\/deadlock.video\/fi\/","name":"Deadlock.Video","description":"","potentialAction":[{"@type":"SearchAction","target":{"@type":"EntryPoint","urlTemplate":"https:\/\/deadlock.video\/fi\/?s={search_term_string}"},"query-input":{"@type":"PropertyValueSpecification","valueRequired":true,"valueName":"search_term_string"}}],"inLanguage":"fi"}]}},"uagb_featured_image_src":{"full":false,"thumbnail":false,"medium":false,"medium_large":false,"large":false,"1536x1536":false,"2048x2048":false,"ultp_layout_landscape_large":false,"ultp_layout_landscape":false,"ultp_layout_portrait":false,"ultp_layout_square":false},"uagb_author_info":{"display_name":"Svetlana Donmez","author_link":"https:\/\/deadlock.video\/fi\/author\/admin\/"},"uagb_comment_info":0,"uagb_excerpt":"Tervehdys kaikille Valve-tuotteiden faneille. T\u00e4n\u00e4\u00e4n haluan kertoa teille kauden odotetuimmasta pelist\u00e4 &#8211; Deadlockista. Deadlock-peli on sekoitus Dota 2:ta ja Valorantia. MOBA-genren tuntevatRead More","_links":{"self":[{"href":"https:\/\/deadlock.video\/fi\/wp-json\/wp\/v2\/pages\/51"}],"collection":[{"href":"https:\/\/deadlock.video\/fi\/wp-json\/wp\/v2\/pages"}],"about":[{"href":"https:\/\/deadlock.video\/fi\/wp-json\/wp\/v2\/types\/page"}],"author":[{"embeddable":true,"href":"https:\/\/deadlock.video\/fi\/wp-json\/wp\/v2\/users\/1"}],"replies":[{"embeddable":true,"href":"https:\/\/deadlock.video\/fi\/wp-json\/wp\/v2\/comments?post=51"}],"version-history":[{"count":1,"href":"https:\/\/deadlock.video\/fi\/wp-json\/wp\/v2\/pages\/51\/revisions"}],"predecessor-version":[{"id":52,"href":"https:\/\/deadlock.video\/fi\/wp-json\/wp\/v2\/pages\/51\/revisions\/52"}],"wp:attachment":[{"href":"https:\/\/deadlock.video\/fi\/wp-json\/wp\/v2\/media?parent=51"}],"curies":[{"name":"wp","href":"https:\/\/api.w.org\/{rel}","templated":true}]}}